{"id":10802,"date":"2025-11-03T13:39:17","date_gmt":"2025-11-03T13:39:17","guid":{"rendered":"https:\/\/www.betaklinik.de\/?page_id=10802"},"modified":"2026-01-07T09:07:05","modified_gmt":"2026-01-07T09:07:05","slug":"emergency-consultancy-times","status":"publish","type":"page","link":"https:\/\/www.betaklinik.de\/en\/contact\/emergency-consultancy-times\/","title":{"rendered":"Emergency Consultancy Times"},"content":{"rendered":"\t\t<div data-elementor-type=\"wp-page\" data-elementor-id=\"10802\" class=\"elementor elementor-10802 elementor-4569\" data-elementor-post-type=\"page\">\n\t\t\t\t<div class=\"elementor-element elementor-element-afc791f e-flex e-con-boxed e-con e-parent\" data-id=\"afc791f\" data-element_type=\"container\" data-e-type=\"container\">\n\t\t\t\t\t<div class=\"e-con-inner\">\n\t\t\t\t<div class=\"elementor-element elementor-element-a92ba6f elementor-widget elementor-widget-heading\" data-id=\"a92ba6f\" data-element_type=\"widget\" data-e-type=\"widget\" data-widget_type=\"heading.default\">\n\t\t\t\t<div class=\"elementor-widget-container\">\n\t\t\t\t\t<h1 class=\"elementor-heading-title elementor-size-default\">Emergency Consultancy Times<\/h1>\t\t\t\t<\/div>\n\t\t\t\t<\/div>\n\t\t\t\t<div class=\"elementor-element elementor-element-d6ee536 elementor-widget elementor-widget-heading\" data-id=\"d6ee536\" data-element_type=\"widget\" data-e-type=\"widget\" data-widget_type=\"heading.default\">\n\t\t\t\t<div class=\"elementor-widget-container\">\n\t\t\t\t\t<h2 class=\"elementor-heading-title elementor-size-default\">Our private emergency consulting hours at the weekend<\/h2>\t\t\t\t<\/div>\n\t\t\t\t<\/div>\n\t\t\t\t<div class=\"elementor-element elementor-element-8573bff elementor-widget elementor-widget-text-editor\" data-id=\"8573bff\" data-element_type=\"widget\" data-e-type=\"widget\" data-widget_type=\"text-editor.default\">\n\t\t\t\t<div class=\"elementor-widget-container\">\n\t\t\t\t\t\t\t\t\t<div class=\"vc_row wpb_row vc_row-fluid\"><div class=\"wpb_column vc_column_container vc_col-sm-12\"><div class=\"vc_column-inner\"><div class=\"wpb_wrapper\"><div class=\"wpb_text_column wpb_content_element \"><div class=\"wpb_wrapper\"><p>Our expertise covers your health at the weekend and on public holidays. The specialists at The Beta Klinik know that extensive medical care and diagnostics must also be available to patients outside of the classic times of a doctor\u2019s practice.<\/p><\/div><\/div><\/div><\/div><\/div><\/div><div class=\"vc_row wpb_row vc_row-fluid\"><div class=\"wpb_column vc_column_container vc_col-sm-4\"><div class=\"vc_column-inner\"><div class=\"wpb_wrapper\"><div class=\"wpb_text_column wpb_content_element \"><div class=\"wpb_wrapper\">\u00a0<\/div><\/div><\/div><\/div><\/div><\/div>\t\t\t\t\t\t\t\t<\/div>\n\t\t\t\t<\/div>\n\t\t\t\t<div class=\"elementor-element elementor-element-24aebae elementor-arrows-position-inside elementor-pagination-position-outside elementor-widget elementor-widget-image-carousel\" data-id=\"24aebae\" data-element_type=\"widget\" data-e-type=\"widget\" data-settings=\"{&quot;slides_to_show&quot;:&quot;3&quot;,&quot;slides_to_scroll&quot;:&quot;2&quot;,&quot;navigation&quot;:&quot;both&quot;,&quot;autoplay&quot;:&quot;yes&quot;,&quot;pause_on_hover&quot;:&quot;yes&quot;,&quot;pause_on_interaction&quot;:&quot;yes&quot;,&quot;autoplay_speed&quot;:5000,&quot;infinite&quot;:&quot;yes&quot;,&quot;speed&quot;:500}\" data-widget_type=\"image-carousel.default\">\n\t\t\t\t<div class=\"elementor-widget-container\">\n\t\t\t\t\t\t\t<div class=\"elementor-image-carousel-wrapper swiper\" role=\"region\" aria-roledescription=\"carousel\" aria-label=\"Bild Karussell\" dir=\"ltr\">\n\t\t\t<div class=\"elementor-image-carousel swiper-wrapper\" aria-live=\"off\">\n\t\t\t\t\t\t\t\t<div class=\"swiper-slide\" role=\"group\" aria-roledescription=\"slide\" aria-label=\"1 of 3\"><figure class=\"swiper-slide-inner\"><img decoding=\"async\" class=\"swiper-slide-image\" src=\"https:\/\/www.betaklinik.de\/wp-content\/uploads\/2025\/10\/notfallsprechstunde-1-768x512.jpg\" alt=\"Fensterfront der Beta Klinik\" \/><\/figure><\/div><div class=\"swiper-slide\" role=\"group\" aria-roledescription=\"slide\" aria-label=\"2 of 3\"><figure class=\"swiper-slide-inner\"><img decoding=\"async\" class=\"swiper-slide-image\" src=\"https:\/\/www.betaklinik.de\/wp-content\/uploads\/2025\/10\/notfallsprechstunde-3-768x512.jpg\" alt=\"Drei \u00c4rzte tauschen sich aus, w\u00e4hrend einer der \u00c4rzte am Telefon ist.\" \/><\/figure><\/div><div class=\"swiper-slide\" role=\"group\" aria-roledescription=\"slide\" aria-label=\"3 of 3\"><figure class=\"swiper-slide-inner\"><img decoding=\"async\" class=\"swiper-slide-image\" src=\"https:\/\/www.betaklinik.de\/wp-content\/uploads\/2025\/10\/JulianHukePhotography-_A1_2263-768x512.jpg\" alt=\"Patientin wird mit Gehunterst\u00fctzung von Pflegerin durch Klinikgeb\u00e4ude begleitet.\" \/><\/figure><\/div>\t\t\t<\/div>\n\t\t\t\t\t\t\t\t\t\t\t\t<div class=\"elementor-swiper-button elementor-swiper-button-prev\" role=\"button\" tabindex=\"0\">\n\t\t\t\t\t\t<svg aria-hidden=\"true\" class=\"e-font-icon-svg e-eicon-chevron-left\" viewBox=\"0 0 1000 1000\" xmlns=\"http:\/\/www.w3.org\/2000\/svg\"><path d=\"M646 125C629 125 613 133 604 142L308 442C296 454 292 471 292 487 292 504 296 521 308 533L604 854C617 867 629 875 646 875 663 875 679 871 692 858 704 846 713 829 713 812 713 796 708 779 692 767L438 487 692 225C700 217 708 204 708 187 708 171 704 154 692 142 675 129 663 125 646 125Z\"><\/path><\/svg>\t\t\t\t\t<\/div>\n\t\t\t\t\t<div class=\"elementor-swiper-button elementor-swiper-button-next\" role=\"button\" tabindex=\"0\">\n\t\t\t\t\t\t<svg aria-hidden=\"true\" class=\"e-font-icon-svg e-eicon-chevron-right\" viewBox=\"0 0 1000 1000\" xmlns=\"http:\/\/www.w3.org\/2000\/svg\"><path d=\"M696 533C708 521 713 504 713 487 713 471 708 454 696 446L400 146C388 133 375 125 354 125 338 125 325 129 313 142 300 154 292 171 292 187 292 204 296 221 308 233L563 492 304 771C292 783 288 800 288 817 288 833 296 850 308 863 321 871 338 875 354 875 371 875 388 867 400 854L696 533Z\"><\/path><\/svg>\t\t\t\t\t<\/div>\n\t\t\t\t\n\t\t\t\t\t\t\t\t\t<div class=\"swiper-pagination\"><\/div>\n\t\t\t\t\t\t\t\t\t<\/div>\n\t\t\t\t\t\t<\/div>\n\t\t\t\t<\/div>\n\t\t\t\t\t<\/div>\n\t\t\t\t<\/div>\n\t\t<div class=\"elementor-element elementor-element-a748b31 e-flex e-con-boxed e-con e-parent\" data-id=\"a748b31\" data-element_type=\"container\" data-e-type=\"container\">\n\t\t\t\t\t<div class=\"e-con-inner\">\n\t\t\t\t<div class=\"elementor-element elementor-element-28c6681 elementor-widget elementor-widget-s4_headline_left_text_right\" data-id=\"28c6681\" data-element_type=\"widget\" data-e-type=\"widget\" data-widget_type=\"s4_headline_left_text_right.default\">\n\t\t\t\t<div class=\"elementor-widget-container\">\n\t\t\t\t\t\r\n\t\t<section class=\"sty_moduleWrapper\">\r\n\t\t\t<div class=\"container\">\r\n\t\t\t\t<div class=\"row\">\r\n\t\t\t\t\t<div class=\"col-lg-4\">\r\n\t\t\t\t\t\t<span class=\"sty_pb_f sty_txt sty_overlineFontColor sty_fontFamilyOverline\" > Flexible and comprehensive: <\/span> <h3 class=\"sty_pb_d sty_txt sty_titleFontColor sty_fontFamilyTitle\" style=\"display:block;\">Our service at weekends and on public holidays<\/h3>\t\t\t\t\t<\/div>\r\n\t\t\t\t\t<div class=\"col-lg-8\">\r\n\t\t\t\t\t\t<div class=\"sty_pb_e sty_txt sty_fontColor sty_fontFamily\"><p>ur specialists offer consultancy hours for professionals and also to attend emergencies at weekends and on public holidays. During this time, complete medical diagnostics including MRI, CT, X-rays, ultrasound and the lab are assured.<\/p><p>To keep waiting time for your out-patient treatment to a minimum and for the medical staff to prepare your case accordingly we do ask you to phone us in advance on 0228 90 90 75 \u2013 0.<\/p><p>Our Weekend and Emergency Programme includes\u00a0<a title=\"Orthopaedics and orthopaedic surgery, joint replacement and sports traumatology (Beta Ortho)\" href=\"https:\/\/www.betaklinik.de\/en\/specialties\/orthopaedics\/\">Orthopaedics<\/a>,\u00a0<a title=\"Neurosurgery\" href=\"https:\/\/www.betaklinik.de\/en\/specialties\/neurosurgery\/\">Neurosurgery<\/a>\u00a0and\u00a0<a title=\"Radiology, pediatric radiology and senology\" href=\"https:\/\/www.betaklinik.de\/en\/specialties\/radiology-pediatric-radiology-and-senology\/\">Radiology<\/a>.<\/p><ul><li>There is always a doctor in the clinic on Saturdays, Sundays and on public holidays from 10.00 to 13.00.<\/li><\/ul><\/div>\t\t\t\t\t<\/div>\r\n\t\t\t\t<\/div>\r\n\t\t\t<\/div>\r\n\t\t<\/section>\r\n\r\n\t\t\t\t\t<\/div>\n\t\t\t\t<\/div>\n\t\t\t\t<div class=\"elementor-element elementor-element-5049ebb elementor-widget elementor-widget-s4_headline_left_text_right\" data-id=\"5049ebb\" data-element_type=\"widget\" data-e-type=\"widget\" data-widget_type=\"s4_headline_left_text_right.default\">\n\t\t\t\t<div class=\"elementor-widget-container\">\n\t\t\t\t\t\r\n\t\t<section class=\"sty_moduleWrapper\">\r\n\t\t\t<div class=\"container\">\r\n\t\t\t\t<div class=\"row\">\r\n\t\t\t\t\t<div class=\"col-lg-4\">\r\n\t\t\t\t\t\t<h3 class=\"sty_pb_d sty_txt sty_titleFontColor sty_fontFamilyTitle\" style=\"display:block;\">Uninterrupted accessibility<\/h3>\t\t\t\t\t<\/div>\r\n\t\t\t\t\t<div class=\"col-lg-8\">\r\n\t\t\t\t\t\t<div class=\"sty_pb_e sty_txt sty_fontColor sty_fontFamily\"><p>Our doctor on duty is available the whole day at the clinic at weekends, on public holidays and is also accessible by phone at all times.\u00a0 It doesn\u2019t matter which complaint you are suffering from, just call The Beta Klinik and be advised by our colleagues. Depending on the medical indications, you may be admitted as an in-patient and treated.<\/p><p>In cases of medical need, our specialists can be contacted immediately and be at the clinic within a very short time. In the event that this is not possible in your case, we will suggest a closer medical alternative to you.<\/p><\/div>\t\t\t\t\t<\/div>\r\n\t\t\t\t<\/div>\r\n\t\t\t<\/div>\r\n\t\t<\/section>\r\n\r\n\t\t\t\t\t<\/div>\n\t\t\t\t<\/div>\n\t\t\t\t<div class=\"elementor-element elementor-element-5a23de1 elementor-widget elementor-widget-s4_headline_left_text_right\" data-id=\"5a23de1\" data-element_type=\"widget\" data-e-type=\"widget\" data-widget_type=\"s4_headline_left_text_right.default\">\n\t\t\t\t<div class=\"elementor-widget-container\">\n\t\t\t\t\t\r\n\t\t<section class=\"sty_moduleWrapper\">\r\n\t\t\t<div class=\"container\">\r\n\t\t\t\t<div class=\"row\">\r\n\t\t\t\t\t<div class=\"col-lg-4\">\r\n\t\t\t\t\t\t<h3 class=\"sty_pb_d sty_txt sty_titleFontColor sty_fontFamilyTitle\" style=\"display:block;\">Inpatient admission at the weekends<\/h3>\t\t\t\t\t<\/div>\r\n\t\t\t\t\t<div class=\"col-lg-8\">\r\n\t\t\t\t\t\t<div class=\"sty_pb_e sty_txt sty_fontColor sty_fontFamily\"><p>You may of course, be hospitalised over the weekends and on public holidays should your condition require it.<\/p><p>In this situation, we ask you to please contact us in advance so that we may clarify your medical status, discuss the necessary arrangements and advise and assist you as quickly as possible. Please call us beforehand on 0228 90 90 75 \u2013 0. Our colleagues will answer your call, carry out the necessary administration and arrangements and prepare your medical care for you.<\/p><\/div>\t\t\t\t\t<\/div>\r\n\t\t\t\t<\/div>\r\n\t\t\t<\/div>\r\n\t\t<\/section>\r\n\r\n\t\t\t\t\t<\/div>\n\t\t\t\t<\/div>\n\t\t\t\t\t<\/div>\n\t\t\t\t<\/div>\n\t\t\t\t<\/div>\n\t\t","protected":false},"excerpt":{"rendered":"<p>We are also available on weekends and holidays. Find out how to reach us.<\/p>\n","protected":false},"author":5,"featured_media":6905,"parent":0,"menu_order":0,"comment_status":"closed","ping_status":"closed","template":"","meta":{"_acf_changed":false,"footnotes":""},"fachrichtung":[],"class_list":["post-10802","page","type-page","status-publish","has-post-thumbnail","hentry"],"acf":[],"_links":{"self":[{"href":"https:\/\/www.betaklinik.de\/en\/wp-json\/wp\/v2\/pages\/10802","targetHints":{"allow":["GET"]}}],"collection":[{"href":"https:\/\/www.betaklinik.de\/en\/wp-json\/wp\/v2\/pages"}],"about":[{"href":"https:\/\/www.betaklinik.de\/en\/wp-json\/wp\/v2\/types\/page"}],"author":[{"embeddable":true,"href":"https:\/\/www.betaklinik.de\/en\/wp-json\/wp\/v2\/users\/5"}],"replies":[{"embeddable":true,"href":"https:\/\/www.betaklinik.de\/en\/wp-json\/wp\/v2\/comments?post=10802"}],"version-history":[{"count":3,"href":"https:\/\/www.betaklinik.de\/en\/wp-json\/wp\/v2\/pages\/10802\/revisions"}],"predecessor-version":[{"id":14315,"href":"https:\/\/www.betaklinik.de\/en\/wp-json\/wp\/v2\/pages\/10802\/revisions\/14315"}],"wp:featuredmedia":[{"embeddable":true,"href":"https:\/\/www.betaklinik.de\/en\/wp-json\/wp\/v2\/media\/6905"}],"wp:attachment":[{"href":"https:\/\/www.betaklinik.de\/en\/wp-json\/wp\/v2\/media?parent=10802"}],"wp:term":[{"taxonomy":"fachrichtung","embeddable":true,"href":"https:\/\/www.betaklinik.de\/en\/wp-json\/wp\/v2\/fachrichtung?post=10802"}],"curies":[{"name":"wp","href":"https:\/\/api.w.org\/{rel}","templated":true}]}}