{"id":10977,"date":"2025-11-03T15:01:58","date_gmt":"2025-11-03T15:01:58","guid":{"rendered":"https:\/\/www.betaklinik.de\/?page_id=10977"},"modified":"2025-11-03T15:06:48","modified_gmt":"2025-11-03T15:06:48","slug":"your-accommodation-in-the-beta-klinik","status":"publish","type":"page","link":"https:\/\/www.betaklinik.de\/en\/your-accommodation-in-the-beta-klinik\/","title":{"rendered":"Your accommodation in the Beta Klinik"},"content":{"rendered":"\t\t<div data-elementor-type=\"wp-page\" data-elementor-id=\"10977\" class=\"elementor elementor-10977 elementor-4579\" data-elementor-post-type=\"page\">\n\t\t\t\t<div class=\"elementor-element elementor-element-4aba34e bk_heroPill e-flex e-con-boxed e-con e-parent\" data-id=\"4aba34e\" data-element_type=\"container\" data-e-type=\"container\" data-settings=\"{&quot;background_background&quot;:&quot;classic&quot;}\">\n\t\t\t\t\t<div class=\"e-con-inner\">\n\t\t\t\t\t<\/div>\n\t\t\t\t<\/div>\n\t\t<div class=\"elementor-element elementor-element-0bce202 e-flex e-con-boxed e-con e-parent\" data-id=\"0bce202\" data-element_type=\"container\" data-e-type=\"container\">\n\t\t\t\t\t<div class=\"e-con-inner\">\n\t\t\t\t<div class=\"elementor-element elementor-element-a8f9e1e elementor-widget elementor-widget-heading\" data-id=\"a8f9e1e\" data-element_type=\"widget\" data-e-type=\"widget\" data-widget_type=\"heading.default\">\n\t\t\t\t<div class=\"elementor-widget-container\">\n\t\t\t\t\t<h1 class=\"elementor-heading-title elementor-size-default\">Your accommodation in the Beta Klinik<\/h1>\t\t\t\t<\/div>\n\t\t\t\t<\/div>\n\t\t\t\t<div class=\"elementor-element elementor-element-0a5a1b6 elementor-widget elementor-widget-text-editor\" data-id=\"0a5a1b6\" data-element_type=\"widget\" data-e-type=\"widget\" data-widget_type=\"text-editor.default\">\n\t\t\t\t<div class=\"elementor-widget-container\">\n\t\t\t\t\t\t\t\t\t<div class=\"vc_row wpb_row vc_row-fluid\"><div class=\"wpb_column vc_column_container vc_col-sm-12\"><div class=\"vc_column-inner\"><div class=\"wpb_wrapper\"><div class=\"wpb_text_column wpb_content_element \"><div class=\"wpb_wrapper\"><h2>Rooms<\/h2><p>During your in-patient stay you will enjoy a comfortable bed room with a modern en-suite bathroom.<\/p><p>Our rooms match the standards of those of a four-star hotel and go hand in hand with modern architecture and design as well as possessing the required medical functionality.<\/p><\/div><\/div><\/div><\/div><\/div><\/div><div class=\"vc_row wpb_row vc_row-fluid\"><div class=\"wpb_column vc_column_container vc_col-sm-12\"><div class=\"vc_column-inner\"><div class=\"wpb_wrapper\"><div class=\"wpb_text_column wpb_content_element \"><div class=\"wpb_wrapper\"><h3>Features and Services<\/h3><ul><li>24 hour round the clock service<\/li><li>Fully electrically adjustable beds<\/li><li>Air conditioning<\/li><li>Satellite and internet TV<\/li><li>Telephone and internet (WIFI)<\/li><li>On request: Chauffer service and special evening menus<\/li><\/ul><\/div><\/div><\/div><\/div><\/div><\/div>\t\t\t\t\t\t\t\t<\/div>\n\t\t\t\t<\/div>\n\t\t\t\t\t<\/div>\n\t\t\t\t<\/div>\n\t\t<div class=\"elementor-element elementor-element-eb48f73 e-flex e-con-boxed e-con e-parent\" data-id=\"eb48f73\" data-element_type=\"container\" data-e-type=\"container\">\n\t\t\t\t\t<div class=\"e-con-inner\">\n\t\t\t\t<div class=\"elementor-element elementor-element-62f199e elementor-widget elementor-widget-gallery\" data-id=\"62f199e\" data-element_type=\"widget\" data-e-type=\"widget\" data-settings=\"{&quot;columns&quot;:2,&quot;gap&quot;:{&quot;unit&quot;:&quot;px&quot;,&quot;size&quot;:11,&quot;sizes&quot;:[]},&quot;lazyload&quot;:&quot;yes&quot;,&quot;gallery_layout&quot;:&quot;grid&quot;,&quot;columns_tablet&quot;:2,&quot;columns_mobile&quot;:1,&quot;gap_tablet_extra&quot;:{&quot;unit&quot;:&quot;px&quot;,&quot;size&quot;:10,&quot;sizes&quot;:[]},&quot;gap_tablet&quot;:{&quot;unit&quot;:&quot;px&quot;,&quot;size&quot;:10,&quot;sizes&quot;:[]},&quot;gap_mobile_extra&quot;:{&quot;unit&quot;:&quot;px&quot;,&quot;size&quot;:10,&quot;sizes&quot;:[]},&quot;gap_mobile&quot;:{&quot;unit&quot;:&quot;px&quot;,&quot;size&quot;:10,&quot;sizes&quot;:[]},&quot;link_to&quot;:&quot;file&quot;,&quot;aspect_ratio&quot;:&quot;3:2&quot;,&quot;overlay_background&quot;:&quot;yes&quot;,&quot;content_hover_animation&quot;:&quot;fade-in&quot;}\" data-widget_type=\"gallery.default\">\n\t\t\t\t<div class=\"elementor-widget-container\">\n\t\t\t\t\t\t\t<div class=\"elementor-gallery__container\">\n\t\t\t\t\t\t\t<a class=\"e-gallery-item elementor-gallery-item elementor-animated-content\" href=\"https:\/\/www.betaklinik.de\/wp-content\/uploads\/2025\/10\/Patientenzimmer-in-Bonn-Beta-Klinik.jpg\" data-elementor-open-lightbox=\"yes\" data-elementor-lightbox-slideshow=\"62f199e\" data-elementor-lightbox-title=\"Patientenzimmer-in-Bonn-Beta-Klinik\" data-e-action-hash=\"#elementor-action%3Aaction%3Dlightbox%26settings%3DeyJpZCI6NzU2MiwidXJsIjoiaHR0cHM6XC9cL3d3dy5iZXRha2xpbmlrLmRlXC93cC1jb250ZW50XC91cGxvYWRzXC8yMDI1XC8xMFwvUGF0aWVudGVuemltbWVyLWluLUJvbm4tQmV0YS1LbGluaWsuanBnIiwic2xpZGVzaG93IjoiNjJmMTk5ZSJ9\">\n\t\t\t\t\t<div class=\"e-gallery-image elementor-gallery-item__image\" data-thumbnail=\"https:\/\/www.betaklinik.de\/wp-content\/uploads\/2025\/10\/Patientenzimmer-in-Bonn-Beta-Klinik-768x512.jpg\" data-width=\"768\" data-height=\"512\" aria-label=\"Patientin liegt im Bett und erh\u00e4lt Informationen von einem Pfleger.\" role=\"img\" ><\/div>\n\t\t\t\t\t\t\t\t\t\t\t<div class=\"elementor-gallery-item__overlay\"><\/div>\n\t\t\t\t\t\t\t\t\t\t\t\t\t\t<\/a>\n\t\t\t\t\t\t\t<a class=\"e-gallery-item elementor-gallery-item elementor-animated-content\" href=\"https:\/\/www.betaklinik.de\/wp-content\/uploads\/2025\/10\/15a_beta-klinik-bonn-enge-betreuung-und-medizinische-beratung.jpg\" data-elementor-open-lightbox=\"yes\" data-elementor-lightbox-slideshow=\"62f199e\" data-elementor-lightbox-title=\"15a_beta-klinik-bonn-enge-betreuung-und-medizinische-beratung\" data-e-action-hash=\"#elementor-action%3Aaction%3Dlightbox%26settings%3DeyJpZCI6NzU2MCwidXJsIjoiaHR0cHM6XC9cL3d3dy5iZXRha2xpbmlrLmRlXC93cC1jb250ZW50XC91cGxvYWRzXC8yMDI1XC8xMFwvMTVhX2JldGEta2xpbmlrLWJvbm4tZW5nZS1iZXRyZXV1bmctdW5kLW1lZGl6aW5pc2NoZS1iZXJhdHVuZy5qcGciLCJzbGlkZXNob3ciOiI2MmYxOTllIn0%3D\">\n\t\t\t\t\t<div class=\"e-gallery-image elementor-gallery-item__image\" data-thumbnail=\"https:\/\/www.betaklinik.de\/wp-content\/uploads\/2025\/10\/15a_beta-klinik-bonn-enge-betreuung-und-medizinische-beratung-768x512.jpg\" data-width=\"768\" data-height=\"512\" aria-label=\"Helles Patientenzimmer in der Beta Klinik\" role=\"img\" ><\/div>\n\t\t\t\t\t\t\t\t\t\t\t<div class=\"elementor-gallery-item__overlay\"><\/div>\n\t\t\t\t\t\t\t\t\t\t\t\t\t\t<\/a>\n\t\t\t\t\t<\/div>\n\t\t\t\t\t<\/div>\n\t\t\t\t<\/div>\n\t\t\t\t\t<\/div>\n\t\t\t\t<\/div>\n\t\t<div class=\"elementor-element elementor-element-a7c52e5 e-flex e-con-boxed e-con e-parent\" data-id=\"a7c52e5\" data-element_type=\"container\" data-e-type=\"container\">\n\t\t\t\t\t<div class=\"e-con-inner\">\n\t\t\t\t<div class=\"elementor-element elementor-element-dae3948 elementor-widget elementor-widget-text-editor\" data-id=\"dae3948\" data-element_type=\"widget\" data-e-type=\"widget\" data-widget_type=\"text-editor.default\">\n\t\t\t\t<div class=\"elementor-widget-container\">\n\t\t\t\t\t\t\t\t\t<div class=\"vc_row wpb_row vc_row-fluid\"><div class=\"wpb_column vc_column_container vc_col-sm-12\"><div class=\"vc_column-inner\"><div class=\"wpb_wrapper\"><div class=\"wpb_text_column wpb_content_element \"><div class=\"wpb_wrapper\"><div class=\"vc_row wpb_row vc_row-fluid\"><div class=\"wpb_column vc_column_container vc_col-sm-12\"><div class=\"vc_column-inner\"><div class=\"wpb_wrapper\"><div class=\"wpb_text_column wpb_content_element \"><div class=\"wpb_wrapper\"><h2>Suites<\/h2><p>During your in-patient stay we also offer you the opportunity to stay in one of our 55m\u00b2-58m\u00b2 sized suites. The extraordinary architecture and top quality interior design comprise a successful combination of medicinal functionality and exclusive design.<\/p><\/div><\/div><\/div><\/div><\/div><\/div><div class=\"vc_row wpb_row vc_row-fluid\"><div class=\"wpb_column vc_column_container vc_col-sm-12\"><div class=\"vc_column-inner\"><div class=\"wpb_wrapper\"><div class=\"wpb_text_column wpb_content_element \"><div class=\"wpb_wrapper\"><h3>Features and Services<\/h3><ul><li>24 hour round the clock service<\/li><li>Fully electrically adjustable beds<\/li><li>Air conditioning<\/li><li>Minibar<\/li><li>Satellite and internet TV<\/li><li>Telephone and internet (WIFI)<\/li><li>On request: Chauffer service and special evening menus<\/li><\/ul><\/div><\/div><\/div><\/div><\/div><\/div><\/div><\/div><\/div><\/div><\/div><\/div>\t\t\t\t\t\t\t\t<\/div>\n\t\t\t\t<\/div>\n\t\t\t\t\t<\/div>\n\t\t\t\t<\/div>\n\t\t<div class=\"elementor-element elementor-element-e483479 e-flex e-con-boxed e-con e-parent\" data-id=\"e483479\" data-element_type=\"container\" data-e-type=\"container\">\n\t\t\t\t\t<div class=\"e-con-inner\">\n\t\t\t\t<div class=\"elementor-element elementor-element-9494090 elementor-widget elementor-widget-gallery\" data-id=\"9494090\" data-element_type=\"widget\" data-e-type=\"widget\" data-settings=\"{&quot;columns&quot;:5,&quot;gap&quot;:{&quot;unit&quot;:&quot;px&quot;,&quot;size&quot;:11,&quot;sizes&quot;:[]},&quot;lazyload&quot;:&quot;yes&quot;,&quot;gallery_layout&quot;:&quot;grid&quot;,&quot;columns_tablet&quot;:2,&quot;columns_mobile&quot;:1,&quot;gap_tablet_extra&quot;:{&quot;unit&quot;:&quot;px&quot;,&quot;size&quot;:10,&quot;sizes&quot;:[]},&quot;gap_tablet&quot;:{&quot;unit&quot;:&quot;px&quot;,&quot;size&quot;:10,&quot;sizes&quot;:[]},&quot;gap_mobile_extra&quot;:{&quot;unit&quot;:&quot;px&quot;,&quot;size&quot;:10,&quot;sizes&quot;:[]},&quot;gap_mobile&quot;:{&quot;unit&quot;:&quot;px&quot;,&quot;size&quot;:10,&quot;sizes&quot;:[]},&quot;link_to&quot;:&quot;file&quot;,&quot;aspect_ratio&quot;:&quot;3:2&quot;,&quot;overlay_background&quot;:&quot;yes&quot;,&quot;content_hover_animation&quot;:&quot;fade-in&quot;}\" data-widget_type=\"gallery.default\">\n\t\t\t\t<div class=\"elementor-widget-container\">\n\t\t\t\t\t\t\t<div class=\"elementor-gallery__container\">\n\t\t\t\t\t\t\t<a class=\"e-gallery-item elementor-gallery-item elementor-animated-content\" href=\"https:\/\/www.betaklinik.de\/wp-content\/uploads\/2025\/10\/Patientenzimmer-Beta-Klinik-Bonn-Suite.jpg\" data-elementor-open-lightbox=\"yes\" data-elementor-lightbox-slideshow=\"9494090\" data-elementor-lightbox-title=\"Patientenzimmer-Beta-Klinik-Bonn-Suite\" data-e-action-hash=\"#elementor-action%3Aaction%3Dlightbox%26settings%3DeyJpZCI6NzU3MywidXJsIjoiaHR0cHM6XC9cL3d3dy5iZXRha2xpbmlrLmRlXC93cC1jb250ZW50XC91cGxvYWRzXC8yMDI1XC8xMFwvUGF0aWVudGVuemltbWVyLUJldGEtS2xpbmlrLUJvbm4tU3VpdGUuanBnIiwic2xpZGVzaG93IjoiOTQ5NDA5MCJ9\">\n\t\t\t\t\t<div class=\"e-gallery-image elementor-gallery-item__image\" data-thumbnail=\"https:\/\/www.betaklinik.de\/wp-content\/uploads\/2025\/10\/Patientenzimmer-Beta-Klinik-Bonn-Suite-768x512.jpg\" data-width=\"768\" data-height=\"512\" aria-label=\"Patientenzimmer in der Beta Klinik mit gro\u00dfz\u00fcgiger Sitzlounge.\" role=\"img\" ><\/div>\n\t\t\t\t\t\t\t\t\t\t\t<div class=\"elementor-gallery-item__overlay\"><\/div>\n\t\t\t\t\t\t\t\t\t\t\t\t\t\t<\/a>\n\t\t\t\t\t\t\t<a class=\"e-gallery-item elementor-gallery-item elementor-animated-content\" href=\"https:\/\/www.betaklinik.de\/wp-content\/uploads\/2025\/10\/Patientenzimmer-Beta-Klinik-Bonn-Suite-Wohnbereich.jpg\" data-elementor-open-lightbox=\"yes\" data-elementor-lightbox-slideshow=\"9494090\" data-elementor-lightbox-title=\"Patientenzimmer-Beta-Klinik-Bonn-Suite-Wohnbereich\" data-e-action-hash=\"#elementor-action%3Aaction%3Dlightbox%26settings%3DeyJpZCI6NzU3NSwidXJsIjoiaHR0cHM6XC9cL3d3dy5iZXRha2xpbmlrLmRlXC93cC1jb250ZW50XC91cGxvYWRzXC8yMDI1XC8xMFwvUGF0aWVudGVuemltbWVyLUJldGEtS2xpbmlrLUJvbm4tU3VpdGUtV29obmJlcmVpY2guanBnIiwic2xpZGVzaG93IjoiOTQ5NDA5MCJ9\">\n\t\t\t\t\t<div class=\"e-gallery-image elementor-gallery-item__image\" data-thumbnail=\"https:\/\/www.betaklinik.de\/wp-content\/uploads\/2025\/10\/Patientenzimmer-Beta-Klinik-Bonn-Suite-Wohnbereich-768x512.jpg\" data-width=\"768\" data-height=\"512\" aria-label=\"Patientenzimmer in der Beta Klinik Bonn\" role=\"img\" ><\/div>\n\t\t\t\t\t\t\t\t\t\t\t<div class=\"elementor-gallery-item__overlay\"><\/div>\n\t\t\t\t\t\t\t\t\t\t\t\t\t\t<\/a>\n\t\t\t\t\t\t\t<a class=\"e-gallery-item elementor-gallery-item elementor-animated-content\" href=\"https:\/\/www.betaklinik.de\/wp-content\/uploads\/2025\/10\/suite_5EN.jpg\" data-elementor-open-lightbox=\"yes\" data-elementor-lightbox-slideshow=\"9494090\" data-elementor-lightbox-title=\"suite_5EN\" data-e-action-hash=\"#elementor-action%3Aaction%3Dlightbox%26settings%3DeyJpZCI6NzU4MywidXJsIjoiaHR0cHM6XC9cL3d3dy5iZXRha2xpbmlrLmRlXC93cC1jb250ZW50XC91cGxvYWRzXC8yMDI1XC8xMFwvc3VpdGVfNUVOLmpwZyIsInNsaWRlc2hvdyI6Ijk0OTQwOTAifQ%3D%3D\">\n\t\t\t\t\t<div class=\"e-gallery-image elementor-gallery-item__image\" data-thumbnail=\"https:\/\/www.betaklinik.de\/wp-content\/uploads\/2025\/10\/suite_5EN-768x519.jpg\" data-width=\"768\" data-height=\"519\" aria-label=\"Helles Patientenzimmer mit Bett, Sitzecke und Holzm\u00f6beln.\" role=\"img\" ><\/div>\n\t\t\t\t\t\t\t\t\t\t\t<div class=\"elementor-gallery-item__overlay\"><\/div>\n\t\t\t\t\t\t\t\t\t\t\t\t\t\t<\/a>\n\t\t\t\t\t\t\t<a class=\"e-gallery-item elementor-gallery-item elementor-animated-content\" href=\"https:\/\/www.betaklinik.de\/wp-content\/uploads\/2025\/10\/suite_2.jpg\" data-elementor-open-lightbox=\"yes\" data-elementor-lightbox-slideshow=\"9494090\" data-elementor-lightbox-title=\"suite_2\" data-e-action-hash=\"#elementor-action%3Aaction%3Dlightbox%26settings%3DeyJpZCI6NzU4MSwidXJsIjoiaHR0cHM6XC9cL3d3dy5iZXRha2xpbmlrLmRlXC93cC1jb250ZW50XC91cGxvYWRzXC8yMDI1XC8xMFwvc3VpdGVfMi5qcGciLCJzbGlkZXNob3ciOiI5NDk0MDkwIn0%3D\">\n\t\t\t\t\t<div class=\"e-gallery-image elementor-gallery-item__image\" data-thumbnail=\"https:\/\/www.betaklinik.de\/wp-content\/uploads\/2025\/10\/suite_2-768x512.jpg\" data-width=\"768\" data-height=\"512\" aria-label=\"Helles Badezimmer mit goldenen Akzenten und gro\u00dfem Waschbecken.\" role=\"img\" ><\/div>\n\t\t\t\t\t\t\t\t\t\t\t<div class=\"elementor-gallery-item__overlay\"><\/div>\n\t\t\t\t\t\t\t\t\t\t\t\t\t\t<\/a>\n\t\t\t\t\t\t\t<a class=\"e-gallery-item elementor-gallery-item elementor-animated-content\" href=\"https:\/\/www.betaklinik.de\/wp-content\/uploads\/2025\/10\/Patientenzimmer-Beta-Klinik-Bonn-Badezimmer-Suite.jpg\" data-elementor-open-lightbox=\"yes\" data-elementor-lightbox-slideshow=\"9494090\" data-elementor-lightbox-title=\"Patientenzimmer-Beta-Klinik-Bonn-Badezimmer-Suite\" data-e-action-hash=\"#elementor-action%3Aaction%3Dlightbox%26settings%3DeyJpZCI6NzU3OSwidXJsIjoiaHR0cHM6XC9cL3d3dy5iZXRha2xpbmlrLmRlXC93cC1jb250ZW50XC91cGxvYWRzXC8yMDI1XC8xMFwvUGF0aWVudGVuemltbWVyLUJldGEtS2xpbmlrLUJvbm4tQmFkZXppbW1lci1TdWl0ZS5qcGciLCJzbGlkZXNob3ciOiI5NDk0MDkwIn0%3D\">\n\t\t\t\t\t<div class=\"e-gallery-image elementor-gallery-item__image\" data-thumbnail=\"https:\/\/www.betaklinik.de\/wp-content\/uploads\/2025\/10\/Patientenzimmer-Beta-Klinik-Bonn-Badezimmer-Suite-768x512.jpg\" data-width=\"768\" data-height=\"512\" aria-label=\"Badezimmer eines Patientenzimmers mit gro\u00dfz\u00fcgiger Dusche, Toilette und Waschbecken.\" role=\"img\" ><\/div>\n\t\t\t\t\t\t\t\t\t\t\t<div class=\"elementor-gallery-item__overlay\"><\/div>\n\t\t\t\t\t\t\t\t\t\t\t\t\t\t<\/a>\n\t\t\t\t\t<\/div>\n\t\t\t\t\t<\/div>\n\t\t\t\t<\/div>\n\t\t\t\t<div class=\"elementor-element elementor-element-f75ced9 elementor-widget elementor-widget-text-editor\" data-id=\"f75ced9\" data-element_type=\"widget\" data-e-type=\"widget\" data-widget_type=\"text-editor.default\">\n\t\t\t\t<div class=\"elementor-widget-container\">\n\t\t\t\t\t\t\t\t\t<div class=\"vc_row wpb_row vc_row-fluid\"><div class=\"wpb_column vc_column_container vc_col-sm-12\"><div class=\"vc_column-inner\"><div class=\"wpb_wrapper\"><div class=\"wpb_text_column wpb_content_element \"><div class=\"wpb_wrapper\"><div class=\"vc_row wpb_row vc_row-fluid\"><div class=\"wpb_column vc_column_container vc_col-sm-12\"><div class=\"vc_column-inner\"><div class=\"wpb_wrapper\"><div class=\"wpb_text_column wpb_content_element \"><div class=\"wpb_wrapper\"><h2>Hotel<\/h2><p>The Beta Klinik Bonn is situated directly next to the\u00a0<a href=\"https:\/\/www.kamehabonn.de\/en\/\" target=\"_blank\" rel=\"noopener noreferrer\">Hotel Kameha Grand<\/a>\u00a0and is connected by the shared basement. The Hotel is known for its extraordinary architecture and superb location on the banks of the Rhein.<br \/>We have rooms available which are reserved for our patients and family members at very attractive prices.<\/p><p>We will gladly book your accommodation for you at the\u00a0<a href=\"https:\/\/www.kamehabonn.de\/en\/\" target=\"_blank\" rel=\"noopener noreferrer\">Kameha Grand<\/a>. According to availability or at special request we will also book other hotel accommodation for you at one of the very other fine hotels in Bonn and the surrounding area.<\/p><\/div><\/div><\/div><\/div><\/div><\/div><\/div><\/div><\/div><\/div><\/div><\/div>\t\t\t\t\t\t\t\t<\/div>\n\t\t\t\t<\/div>\n\t\t\t\t\t<\/div>\n\t\t\t\t<\/div>\n\t\t<div class=\"elementor-element elementor-element-58ade82 e-flex e-con-boxed e-con e-parent\" data-id=\"58ade82\" data-element_type=\"container\" data-e-type=\"container\">\n\t\t\t\t\t<div class=\"e-con-inner\">\n\t\t\t\t<div class=\"elementor-element elementor-element-e144178 elementor-widget elementor-widget-gallery\" data-id=\"e144178\" data-element_type=\"widget\" data-e-type=\"widget\" data-settings=\"{&quot;columns&quot;:3,&quot;gap&quot;:{&quot;unit&quot;:&quot;px&quot;,&quot;size&quot;:11,&quot;sizes&quot;:[]},&quot;lazyload&quot;:&quot;yes&quot;,&quot;gallery_layout&quot;:&quot;grid&quot;,&quot;columns_tablet&quot;:2,&quot;columns_mobile&quot;:1,&quot;gap_tablet_extra&quot;:{&quot;unit&quot;:&quot;px&quot;,&quot;size&quot;:10,&quot;sizes&quot;:[]},&quot;gap_tablet&quot;:{&quot;unit&quot;:&quot;px&quot;,&quot;size&quot;:10,&quot;sizes&quot;:[]},&quot;gap_mobile_extra&quot;:{&quot;unit&quot;:&quot;px&quot;,&quot;size&quot;:10,&quot;sizes&quot;:[]},&quot;gap_mobile&quot;:{&quot;unit&quot;:&quot;px&quot;,&quot;size&quot;:10,&quot;sizes&quot;:[]},&quot;link_to&quot;:&quot;file&quot;,&quot;aspect_ratio&quot;:&quot;3:2&quot;,&quot;overlay_background&quot;:&quot;yes&quot;,&quot;content_hover_animation&quot;:&quot;fade-in&quot;}\" data-widget_type=\"gallery.default\">\n\t\t\t\t<div class=\"elementor-widget-container\">\n\t\t\t\t\t\t\t<div class=\"elementor-gallery__container\">\n\t\t\t\t\t\t\t<a class=\"e-gallery-item elementor-gallery-item elementor-animated-content\" href=\"https:\/\/www.betaklinik.de\/wp-content\/uploads\/2025\/10\/Bonn-Hotel-Kameha-Grand.jpg\" data-elementor-open-lightbox=\"yes\" data-elementor-lightbox-slideshow=\"e144178\" data-elementor-lightbox-title=\"Bonn-Hotel-Kameha-Grand\" data-e-action-hash=\"#elementor-action%3Aaction%3Dlightbox%26settings%3DeyJpZCI6NzU5MCwidXJsIjoiaHR0cHM6XC9cL3d3dy5iZXRha2xpbmlrLmRlXC93cC1jb250ZW50XC91cGxvYWRzXC8yMDI1XC8xMFwvQm9ubi1Ib3RlbC1LYW1laGEtR3JhbmQuanBnIiwic2xpZGVzaG93IjoiZTE0NDE3OCJ9\">\n\t\t\t\t\t<div class=\"e-gallery-image elementor-gallery-item__image\" data-thumbnail=\"https:\/\/www.betaklinik.de\/wp-content\/uploads\/2025\/10\/Bonn-Hotel-Kameha-Grand-768x512.jpg\" data-width=\"768\" data-height=\"512\" aria-label=\"Vogelperspektive des Kameha Grand Hotels am Rhein.\" role=\"img\" ><\/div>\n\t\t\t\t\t\t\t\t\t\t\t<div class=\"elementor-gallery-item__overlay\"><\/div>\n\t\t\t\t\t\t\t\t\t\t\t\t\t\t<\/a>\n\t\t\t\t\t\t\t<a class=\"e-gallery-item elementor-gallery-item elementor-animated-content\" href=\"https:\/\/www.betaklinik.de\/wp-content\/uploads\/2025\/10\/Hotel-Bonn-Kameha-Grand-Bonn.jpg\" data-elementor-open-lightbox=\"yes\" data-elementor-lightbox-slideshow=\"e144178\" data-elementor-lightbox-title=\"Hotel-Bonn-Kameha-Grand-Bonn\" data-e-action-hash=\"#elementor-action%3Aaction%3Dlightbox%26settings%3DeyJpZCI6NzU5MiwidXJsIjoiaHR0cHM6XC9cL3d3dy5iZXRha2xpbmlrLmRlXC93cC1jb250ZW50XC91cGxvYWRzXC8yMDI1XC8xMFwvSG90ZWwtQm9ubi1LYW1laGEtR3JhbmQtQm9ubi5qcGciLCJzbGlkZXNob3ciOiJlMTQ0MTc4In0%3D\">\n\t\t\t\t\t<div class=\"e-gallery-image elementor-gallery-item__image\" data-thumbnail=\"https:\/\/www.betaklinik.de\/wp-content\/uploads\/2025\/10\/Hotel-Bonn-Kameha-Grand-Bonn-768x512.jpg\" data-width=\"768\" data-height=\"512\" aria-label=\"Infinity Pool mit Rheinblick im Kameha Grand Hotel.\" role=\"img\" ><\/div>\n\t\t\t\t\t\t\t\t\t\t\t<div class=\"elementor-gallery-item__overlay\"><\/div>\n\t\t\t\t\t\t\t\t\t\t\t\t\t\t<\/a>\n\t\t\t\t\t\t\t<a class=\"e-gallery-item elementor-gallery-item elementor-animated-content\" href=\"https:\/\/www.betaklinik.de\/wp-content\/uploads\/2025\/10\/Hotel-in-Bonn-Kameha-Grand-Bonn.jpg\" data-elementor-open-lightbox=\"yes\" data-elementor-lightbox-slideshow=\"e144178\" data-elementor-lightbox-title=\"Hotel-in-Bonn-Kameha-Grand-Bonn\" data-e-action-hash=\"#elementor-action%3Aaction%3Dlightbox%26settings%3DeyJpZCI6NzU5NCwidXJsIjoiaHR0cHM6XC9cL3d3dy5iZXRha2xpbmlrLmRlXC93cC1jb250ZW50XC91cGxvYWRzXC8yMDI1XC8xMFwvSG90ZWwtaW4tQm9ubi1LYW1laGEtR3JhbmQtQm9ubi5qcGciLCJzbGlkZXNob3ciOiJlMTQ0MTc4In0%3D\">\n\t\t\t\t\t<div class=\"e-gallery-image elementor-gallery-item__image\" data-thumbnail=\"https:\/\/www.betaklinik.de\/wp-content\/uploads\/2025\/10\/Hotel-in-Bonn-Kameha-Grand-Bonn-768x476.jpg\" data-width=\"768\" data-height=\"476\" aria-label=\"Hotelzimmer im Kameha Grand mit gro\u00dfz\u00fcgigem Bett, Fensterfront mit Rheinblick und einem Klavierfl\u00fcgel.\" role=\"img\" ><\/div>\n\t\t\t\t\t\t\t\t\t\t\t<div class=\"elementor-gallery-item__overlay\"><\/div>\n\t\t\t\t\t\t\t\t\t\t\t\t\t\t<\/a>\n\t\t\t\t\t<\/div>\n\t\t\t\t\t<\/div>\n\t\t\t\t<\/div>\n\t\t\t\t\t<\/div>\n\t\t\t\t<\/div>\n\t\t\t\t<\/div>\n\t\t","protected":false},"excerpt":{"rendered":"<p>During your inpatient stay, we will accommodate you in a comfortable room with a contemporary, modern bathroom.<\/p>\n","protected":false},"author":5,"featured_media":7575,"parent":0,"menu_order":0,"comment_status":"closed","ping_status":"closed","template":"","meta":{"_acf_changed":false,"footnotes":""},"fachrichtung":[],"class_list":["post-10977","page","type-page","status-publish","has-post-thumbnail","hentry"],"acf":[],"_links":{"self":[{"href":"https:\/\/www.betaklinik.de\/en\/wp-json\/wp\/v2\/pages\/10977","targetHints":{"allow":["GET"]}}],"collection":[{"href":"https:\/\/www.betaklinik.de\/en\/wp-json\/wp\/v2\/pages"}],"about":[{"href":"https:\/\/www.betaklinik.de\/en\/wp-json\/wp\/v2\/types\/page"}],"author":[{"embeddable":true,"href":"https:\/\/www.betaklinik.de\/en\/wp-json\/wp\/v2\/users\/5"}],"replies":[{"embeddable":true,"href":"https:\/\/www.betaklinik.de\/en\/wp-json\/wp\/v2\/comments?post=10977"}],"version-history":[{"count":5,"href":"https:\/\/www.betaklinik.de\/en\/wp-json\/wp\/v2\/pages\/10977\/revisions"}],"predecessor-version":[{"id":10992,"href":"https:\/\/www.betaklinik.de\/en\/wp-json\/wp\/v2\/pages\/10977\/revisions\/10992"}],"wp:featuredmedia":[{"embeddable":true,"href":"https:\/\/www.betaklinik.de\/en\/wp-json\/wp\/v2\/media\/7575"}],"wp:attachment":[{"href":"https:\/\/www.betaklinik.de\/en\/wp-json\/wp\/v2\/media?parent=10977"}],"wp:term":[{"taxonomy":"fachrichtung","embeddable":true,"href":"https:\/\/www.betaklinik.de\/en\/wp-json\/wp\/v2\/fachrichtung?post=10977"}],"curies":[{"name":"wp","href":"https:\/\/api.w.org\/{rel}","templated":true}]}}