{"id":11204,"date":"2025-08-21T09:56:33","date_gmt":"2025-08-21T09:56:33","guid":{"rendered":"https:\/\/www.betaklinik.de\/specialties\/neurosurgery\/mikrochirurgische-op\/"},"modified":"2026-01-07T10:11:22","modified_gmt":"2026-01-07T10:11:22","slug":"microsurgery","status":"publish","type":"page","link":"https:\/\/www.betaklinik.de\/en\/specialties\/neurosurgery\/microsurgery\/","title":{"rendered":"Microsurgery"},"content":{"rendered":"\t\t<div data-elementor-type=\"wp-page\" data-elementor-id=\"11204\" class=\"elementor elementor-11204 elementor-3971\" data-elementor-post-type=\"page\">\n\t\t\t\t<div class=\"elementor-element elementor-element-25fb6859 bk_heroPill e-flex e-con-boxed e-con e-parent\" data-id=\"25fb6859\" data-element_type=\"container\" data-e-type=\"container\" data-settings=\"{&quot;background_background&quot;:&quot;classic&quot;}\">\n\t\t\t\t\t<div class=\"e-con-inner\">\n\t\t\t\t\t<\/div>\n\t\t\t\t<\/div>\n\t\t<div class=\"elementor-element elementor-element-e4d4912 e-flex e-con-boxed e-con e-parent\" data-id=\"e4d4912\" data-element_type=\"container\" data-e-type=\"container\">\n\t\t\t\t\t<div class=\"e-con-inner\">\n\t\t\t\t<div class=\"elementor-element elementor-element-cc9ef7 bk_menu_toggle_button_shortcode elementor-widget elementor-widget-shortcode\" data-id=\"cc9ef7\" data-element_type=\"widget\" data-e-type=\"widget\" data-widget_type=\"shortcode.default\">\n\t\t\t\t<div class=\"elementor-widget-container\">\n\t\t\t\t\t\t\t<div class=\"elementor-shortcode\">\r\n<div class=\"bk-menu-toggle-wrapper\" data-animation-speed=\"300\">\r\n    <div class=\"bk-menu-toggle-button-wrapper\">\r\n        <button \r\n            class=\"elementor-button elementor-button-link elementor-size-sm bk-menu-toggle-btn\"\r\n                        data-target=\"bk-menu-toggle-2175\"\r\n            aria-expanded=\"false\"\r\n            aria-controls=\"bk-menu-toggle-2175\"\r\n        >\r\n            <span class=\"elementor-button-content-wrapper\">\r\n                <span class=\"elementor-button-text\">Areas of treatment<\/span>\r\n                <span class=\"bk-menu-toggle-icon\">\r\n                    <svg width=\"12\" height=\"8\" viewBox=\"0 0 12 8\" fill=\"none\">\r\n                        <path d=\"M1 1L6 6L11 1\" stroke=\"currentColor\" stroke-width=\"2\" stroke-linecap=\"round\" stroke-linejoin=\"round\"\/>\r\n                    <\/svg>\r\n                <\/span>\r\n            <\/span>\r\n        <\/button>\r\n    <\/div>\r\n    \r\n    <div class=\"bk-menu-toggle-content\" id=\"bk-menu-toggle-2175\" style=\"display:none;\">\r\n        <div class=\"bk-menu-toggle-menu\"><ul class=\"bk-toggle-menu-list\"><li class=\"menu-item menu-item-8294\"><a href=\"https:\/\/www.betaklinik.de\/en\/specialties\/neurosurgery\/brain-tumor\/\"><img decoding=\"async\" src=\"\/wp-content\/uploads\/2025\/07\/beta_arrow.svg\" alt=\"\" class=\"bk-menu-item-icon\" \/><span>Brain Tumor<\/span><\/a><\/li><li class=\"menu-item menu-item-11327\"><a href=\"https:\/\/www.betaklinik.de\/en\/specialties\/neurosurgery\/carpal-tunnel-syndrome\/\"><img decoding=\"async\" src=\"\/wp-content\/uploads\/2025\/07\/beta_arrow.svg\" alt=\"\" class=\"bk-menu-item-icon\" \/><span>Carpal tunnel syndrome<\/span><\/a><\/li><li class=\"menu-item menu-item-11225\"><a href=\"https:\/\/www.betaklinik.de\/en\/specialties\/neurosurgery\/cubital-tunnel-syndrome-ulnar-nerve-entrapment\/\"><img decoding=\"async\" src=\"\/wp-content\/uploads\/2025\/07\/beta_arrow.svg\" alt=\"\" class=\"bk-menu-item-icon\" \/><span>Cubital tunnel syndrome \/ ulnar nerve entrapment<\/span><\/a><\/li><li class=\"menu-item menu-item-11256\"><a href=\"https:\/\/www.betaklinik.de\/en\/specialties\/neurosurgery\/decompression-janetta-surgery\/\"><img decoding=\"async\" src=\"\/wp-content\/uploads\/2025\/07\/beta_arrow.svg\" alt=\"\" class=\"bk-menu-item-icon\" \/><span>Decompression \/ Jannetta surgery<\/span><\/a><\/li><li class=\"menu-item menu-item-11268\"><a href=\"https:\/\/www.betaklinik.de\/en\/specialties\/neurosurgery\/decompression-microlaminectomy\/\"><img decoding=\"async\" src=\"\/wp-content\/uploads\/2025\/07\/beta_arrow.svg\" alt=\"\" class=\"bk-menu-item-icon\" \/><span>Decompression \/ microlaminectomy<\/span><\/a><\/li><li class=\"menu-item menu-item-11460\"><a href=\"https:\/\/www.betaklinik.de\/en\/specialties\/neurosurgery\/disc-prosthesis-adr\/\"><img decoding=\"async\" src=\"\/wp-content\/uploads\/2025\/07\/beta_arrow.svg\" alt=\"\" class=\"bk-menu-item-icon\" \/><span>Disc prosthesis \/ ADR<\/span><\/a><\/li><li class=\"menu-item menu-item-11414\"><a href=\"https:\/\/www.betaklinik.de\/en\/specialties\/neurosurgery\/dizziness\/\"><img decoding=\"async\" src=\"\/wp-content\/uploads\/2025\/07\/beta_arrow.svg\" alt=\"\" class=\"bk-menu-item-icon\" \/><span>Dizziness<\/span><\/a><\/li><li class=\"menu-item menu-item-11281\"><a href=\"https:\/\/www.betaklinik.de\/en\/specialties\/neurosurgery\/dystonia\/\"><img decoding=\"async\" src=\"\/wp-content\/uploads\/2025\/07\/beta_arrow.svg\" alt=\"\" class=\"bk-menu-item-icon\" \/><span>Dystonia<\/span><\/a><\/li><li class=\"menu-item menu-item-8692\"><a href=\"https:\/\/www.betaklinik.de\/en\/specialties\/beta-international-epilepsy-centre\/electrophysiology\/\"><img decoding=\"async\" src=\"\/wp-content\/uploads\/2025\/07\/beta_arrow.svg\" alt=\"\" class=\"bk-menu-item-icon\" \/><span>Electrophysiology<\/span><\/a><\/li><li class=\"menu-item menu-item-11290\"><a href=\"https:\/\/www.betaklinik.de\/en\/specialties\/neurosurgery\/endoscopic-abrasion\/\"><img decoding=\"async\" src=\"\/wp-content\/uploads\/2025\/07\/beta_arrow.svg\" alt=\"\" class=\"bk-menu-item-icon\" \/><span>Endoscopic abrasion<\/span><\/a><\/li><li class=\"menu-item menu-item-11305\"><a href=\"https:\/\/www.betaklinik.de\/en\/specialties\/neurosurgery\/endoscopic-spine-surgery\/\"><img decoding=\"async\" src=\"\/wp-content\/uploads\/2025\/07\/beta_arrow.svg\" alt=\"\" class=\"bk-menu-item-icon\" \/><span>Endoscopic spine surgery<\/span><\/a><\/li><li class=\"menu-item menu-item-11307\"><a href=\"https:\/\/www.betaklinik.de\/en\/specialties\/neurosurgery\/essential-tremor\/\"><img decoding=\"async\" src=\"\/wp-content\/uploads\/2025\/07\/beta_arrow.svg\" alt=\"\" class=\"bk-menu-item-icon\" \/><span>Essential tremor<\/span><\/a><\/li><li class=\"menu-item menu-item-11202\"><a href=\"https:\/\/www.betaklinik.de\/en\/specialties\/neurosurgery\/facet-joint-arthrosis-facet-syndrome\/\"><img decoding=\"async\" src=\"\/wp-content\/uploads\/2025\/07\/beta_arrow.svg\" alt=\"\" class=\"bk-menu-item-icon\" \/><span>Facet joint arthrosis \/ facet syndrome<\/span><\/a><\/li><li class=\"menu-item menu-item-11503\"><a href=\"https:\/\/www.betaklinik.de\/en\/specialties\/neurosurgery\/headache-migraine\/\"><img decoding=\"async\" src=\"\/wp-content\/uploads\/2025\/07\/beta_arrow.svg\" alt=\"\" class=\"bk-menu-item-icon\" \/><span>Headache \/ migraine<\/span><\/a><\/li><li class=\"menu-item menu-item-11314\"><a href=\"https:\/\/www.betaklinik.de\/en\/specialties\/neurosurgery\/instablity-listhesis\/\"><img decoding=\"async\" src=\"\/wp-content\/uploads\/2025\/07\/beta_arrow.svg\" alt=\"\" class=\"bk-menu-item-icon\" \/><span>Instability \/ listhesis<\/span><\/a><\/li><li class=\"menu-item menu-item-11204\"><a href=\"https:\/\/www.betaklinik.de\/en\/specialties\/neurosurgery\/microsurgery\/\"><img decoding=\"async\" src=\"\/wp-content\/uploads\/2025\/07\/beta_arrow.svg\" alt=\"\" class=\"bk-menu-item-icon\" \/><span>Microsurgery<\/span><\/a><\/li><li class=\"menu-item menu-item-11365\"><a href=\"https:\/\/www.betaklinik.de\/en\/specialties\/neurosurgery\/mortons-neuroma-mortons-metatarsalgia\/\"><img decoding=\"async\" src=\"\/wp-content\/uploads\/2025\/07\/beta_arrow.svg\" alt=\"\" class=\"bk-menu-item-icon\" \/><span>Morton&#039;s neuroma \/ Morton&#039;s metatarsalgia<\/span><\/a><\/li><li class=\"menu-item menu-item-11367\"><a href=\"https:\/\/www.betaklinik.de\/en\/specialties\/neurosurgery\/neuralgia-trigeminal-neuralgia\/\"><img decoding=\"async\" src=\"\/wp-content\/uploads\/2025\/07\/beta_arrow.svg\" alt=\"\" class=\"bk-menu-item-icon\" \/><span>Neuralgia \/ trigeminal neuralgia<\/span><\/a><\/li><li class=\"menu-item menu-item-11388\"><a href=\"https:\/\/www.betaklinik.de\/en\/specialties\/neurosurgery\/parikinsons-disease\/\"><img decoding=\"async\" src=\"\/wp-content\/uploads\/2025\/07\/beta_arrow.svg\" alt=\"\" class=\"bk-menu-item-icon\" \/><span>Parkinson&#039;s disease\u00a0<\/span><\/a><\/li><li class=\"menu-item menu-item-11397\"><a href=\"https:\/\/www.betaklinik.de\/en\/specialties\/neurosurgery\/peripheral-nerves\/\"><img decoding=\"async\" src=\"\/wp-content\/uploads\/2025\/07\/beta_arrow.svg\" alt=\"\" class=\"bk-menu-item-icon\" \/><span>Peripheral nerves<\/span><\/a><\/li><li class=\"menu-item menu-item-11254\"><a href=\"https:\/\/www.betaklinik.de\/en\/specialties\/neurosurgery\/slipped-disc-herniated-disc\/\"><img decoding=\"async\" src=\"\/wp-content\/uploads\/2025\/07\/beta_arrow.svg\" alt=\"\" class=\"bk-menu-item-icon\" \/><span>Slipped disc \/ herniated disc<\/span><\/a><\/li><li class=\"menu-item menu-item-11480\"><a href=\"https:\/\/www.betaklinik.de\/en\/specialties\/neurosurgery\/spinal-cord-stimulation-scs\/\"><img decoding=\"async\" src=\"\/wp-content\/uploads\/2025\/07\/beta_arrow.svg\" alt=\"\" class=\"bk-menu-item-icon\" \/><span>Spinal cord stimulation \/ SCS<\/span><\/a><\/li><li class=\"menu-item menu-item-11211\"><a href=\"https:\/\/www.betaklinik.de\/en\/specialties\/neurosurgery\/spinal-stenosis-spinal-canal-stenosis\/\"><img decoding=\"async\" src=\"\/wp-content\/uploads\/2025\/07\/beta_arrow.svg\" alt=\"\" class=\"bk-menu-item-icon\" \/><span>Spinal stenosis \/ spinal canal stenosis<\/span><\/a><\/li><li class=\"menu-item menu-item-11223\"><a href=\"https:\/\/www.betaklinik.de\/en\/specialties\/neurosurgery\/stabilization-fusion-surgery\/\"><img decoding=\"async\" src=\"\/wp-content\/uploads\/2025\/07\/beta_arrow.svg\" alt=\"\" class=\"bk-menu-item-icon\" \/><span>Stabilization \/ fusion surgery<\/span><\/a><\/li><li class=\"menu-item menu-item-11241\"><a href=\"https:\/\/www.betaklinik.de\/en\/specialties\/neurosurgery\/tinnitus\/\"><img decoding=\"async\" src=\"\/wp-content\/uploads\/2025\/07\/beta_arrow.svg\" alt=\"\" class=\"bk-menu-item-icon\" \/><span>Tinnitus<\/span><\/a><\/li><li class=\"menu-item menu-item-11328\"><a href=\"https:\/\/www.betaklinik.de\/en\/specialties\/neurosurgery\/vertebroplasty-kyphoplasty\/\"><img decoding=\"async\" src=\"\/wp-content\/uploads\/2025\/07\/beta_arrow.svg\" alt=\"\" class=\"bk-menu-item-icon\" \/><span>Vertebroplasty \/ Kyphoplasty<\/span><\/a><\/li><\/ul><\/div>\r\n\r\n                    <div class=\"bk-menu-toggle-separator\"><\/div>\r\n            <\/div>\r\n<\/div>\r\n\r\n<script>\r\ndocument.addEventListener('DOMContentLoaded', function() {\r\n    const toggleBtn = document.querySelector('[data-target=\"bk-menu-toggle-2175\"]');\r\n    const content = document.getElementById('bk-menu-toggle-2175');\r\n    const wrapper = toggleBtn.closest('.bk-menu-toggle-wrapper');\r\n    const animationSpeed = parseInt(wrapper.dataset.animationSpeed) || 300;\r\n\r\n    if (toggleBtn && content) {\r\n\r\n        toggleBtn.addEventListener('click', function() {\r\n\r\n            const isExpanded = this.getAttribute('aria-expanded') === 'true';\r\n\r\n            if (isExpanded) {\r\n                content.style.height = content.scrollHeight + 'px';\r\n                setTimeout(() => {\r\n                    content.style.height = '0px';\r\n                }, 10);\r\n                setTimeout(() => {\r\n                    content.style.display = 'none';\r\n                    this.setAttribute('aria-expanded', 'false');\r\n                }, animationSpeed);\r\n\r\n            } else {\r\n                content.style.display = 'block';\r\n                content.style.height = '0px';\r\n                setTimeout(() => {\r\n                    content.style.height = content.scrollHeight + 'px';\r\n                    this.setAttribute('aria-expanded', 'true');\r\n                }, 10);\r\n                setTimeout(() => {\r\n                    content.style.height = 'auto';\r\n                }, animationSpeed);\r\n            }\r\n        });\r\n\r\n        content.querySelectorAll('.menu-item-has-children > a').forEach(parent => {\r\n            parent.addEventListener('click', function(e) {\r\n                e.preventDefault();\r\n                this.parentElement.classList.toggle('open');\r\n            });\r\n        });\r\n    }\r\n});\r\n<\/script>\r\n\r\n<\/div>\n\t\t\t\t\t\t<\/div>\n\t\t\t\t<\/div>\n\t\t\t\t\t<\/div>\n\t\t\t\t<\/div>\n\t\t<div class=\"elementor-element elementor-element-2f4a81f e-flex e-con-boxed e-con e-parent\" data-id=\"2f4a81f\" data-element_type=\"container\" data-e-type=\"container\">\n\t\t\t\t\t<div class=\"e-con-inner\">\n\t\t\t\t<div class=\"elementor-element elementor-element-17b8f678 elementor-widget elementor-widget-text-editor\" data-id=\"17b8f678\" data-element_type=\"widget\" data-e-type=\"widget\" data-widget_type=\"text-editor.default\">\n\t\t\t\t<div class=\"elementor-widget-container\">\n\t\t\t\t\t\t\t\t\t<div class=\"vc_row wpb_row vc_row-fluid\"><div class=\"wpb_column vc_column_container vc_col-sm-12\"><div class=\"vc_column-inner\"><div class=\"wpb_wrapper\"><div class=\"wpb_text_column wpb_content_element \"><div class=\"wpb_wrapper\"><h2>Microsurgery head and brain<\/h2><p>The surgery of a\u00a0<a title=\"Tumor\" href=\"https:\/\/www.betaklinik.de\/en\/specialties\/neurosurgery\/brain-tumor\/\">cerebral tumor<\/a>\u00a0serves either to confirm a diagnosis, or to remove the tumor completely or as much as possible of the tissue.<\/p><\/div><\/div><\/div><\/div><\/div><\/div><div class=\"vc_row wpb_row vc_row-fluid\"><div class=\"wpb_column vc_column_container vc_col-sm-6\"><div class=\"vc_column-inner\"><div class=\"wpb_wrapper\"><div class=\"wpb_text_column wpb_content_element \"><div class=\"wpb_wrapper\"><p><img fetchpriority=\"high\" decoding=\"async\" class=\"alignnone size-full wp-image-23976\" src=\"https:\/\/www.betaklinik.de\/wp-content\/uploads\/2014\/09\/Mikrochirurgische-OP.jpg\" sizes=\"(max-width: 600px) 100vw, 600px\" srcset=\"https:\/\/www.betaklinik.de\/wp-content\/uploads\/2014\/09\/Mikrochirurgische-OP.jpg 600w, https:\/\/www.betaklinik.de\/wp-content\/uploads\/2014\/09\/Mikrochirurgische-OP-300x200.jpg 300w\" alt=\"Mikrochirurgische-OP\" width=\"600\" height=\"400\" \/><\/p><\/div><\/div><\/div><\/div><\/div><div class=\"wpb_column vc_column_container vc_col-sm-6\"><div class=\"vc_column-inner\"><div class=\"wpb_wrapper\">\u00a0<\/div><\/div><\/div><\/div><div class=\"vc_row wpb_row vc_row-fluid\"><div class=\"wpb_column vc_column_container vc_col-sm-12\"><div class=\"vc_column-inner\"><div class=\"wpb_wrapper\"><div class=\"wpb_text_column wpb_content_element \"><div class=\"wpb_wrapper\"><p>The leading principle is \u2018keyhole surgery\u2019. This means that the tumor is operated minimally invasive (invasive = to enter the body) with state-of-the-art surgery microscopes and special, very small instruments through an opening of the skull that is as small as possible. Imaging examinations (<a title=\"MRI\" href=\"https:\/\/www.betaklinik.de\/en\/specialties\/neuroradiology-and-pediatric-neuroradiology\/mri\/\">MRI<\/a>,\u00a0<a title=\"CT\" href=\"https:\/\/www.betaklinik.de\/en\/specialties\/neuroradiology-and-pediatric-neuroradiology\/ct\/\">CT<\/a>) enable surgeons to plan the access and to prepare for surgery. In special cases the so-called neuronavigation is utilized. Here the neurosurgeon works with computers and navigation systems making 3D navigation and 3D localization of benign and malignant tissue during surgery possible at any time. Today head tumor surgery is very gentle in comparison to earlier days. Benign tissue is not damaged and surgery in general not very bloody. A quick mobilization and rehabilitation comes along with these facts. Often patients are able to care for themselves on a normal ward 24 hours after surgery.<\/p><\/div><\/div><\/div><\/div><\/div><\/div>\t\t\t\t\t\t\t\t<\/div>\n\t\t\t\t<\/div>\n\t\t\t\t\t<\/div>\n\t\t\t\t<\/div>\n\t\t\t\t<\/div>\n\t\t","protected":false},"excerpt":{"rendered":"<p>Die Operation eines Hirntumors wird entweder zur Diagnosesicherung (Biopsie) oder zur kompletten oder m\u00f6glichst vollst\u00e4ndigen Entfernung durchgef\u00fchrt.<\/p>\n","protected":false},"author":5,"featured_media":5730,"parent":7748,"menu_order":0,"comment_status":"closed","ping_status":"closed","template":"","meta":{"_acf_changed":false,"footnotes":""},"fachrichtung":[156],"class_list":["post-11204","page","type-page","status-publish","has-post-thumbnail","hentry","fachrichtung-neurosurgery"],"acf":[],"_links":{"self":[{"href":"https:\/\/www.betaklinik.de\/en\/wp-json\/wp\/v2\/pages\/11204","targetHints":{"allow":["GET"]}}],"collection":[{"href":"https:\/\/www.betaklinik.de\/en\/wp-json\/wp\/v2\/pages"}],"about":[{"href":"https:\/\/www.betaklinik.de\/en\/wp-json\/wp\/v2\/types\/page"}],"author":[{"embeddable":true,"href":"https:\/\/www.betaklinik.de\/en\/wp-json\/wp\/v2\/users\/5"}],"replies":[{"embeddable":true,"href":"https:\/\/www.betaklinik.de\/en\/wp-json\/wp\/v2\/comments?post=11204"}],"version-history":[{"count":3,"href":"https:\/\/www.betaklinik.de\/en\/wp-json\/wp\/v2\/pages\/11204\/revisions"}],"predecessor-version":[{"id":14450,"href":"https:\/\/www.betaklinik.de\/en\/wp-json\/wp\/v2\/pages\/11204\/revisions\/14450"}],"up":[{"embeddable":true,"href":"https:\/\/www.betaklinik.de\/en\/wp-json\/wp\/v2\/pages\/7748"}],"wp:featuredmedia":[{"embeddable":true,"href":"https:\/\/www.betaklinik.de\/en\/wp-json\/wp\/v2\/media\/5730"}],"wp:attachment":[{"href":"https:\/\/www.betaklinik.de\/en\/wp-json\/wp\/v2\/media?parent=11204"}],"wp:term":[{"taxonomy":"fachrichtung","embeddable":true,"href":"https:\/\/www.betaklinik.de\/en\/wp-json\/wp\/v2\/fachrichtung?post=11204"}],"curies":[{"name":"wp","href":"https:\/\/api.w.org\/{rel}","templated":true}]}}