{"id":7519,"date":"2025-10-20T07:27:09","date_gmt":"2025-10-20T07:27:09","guid":{"rendered":"https:\/\/www.betaklinik.de\/?page_id=7519"},"modified":"2025-11-17T13:54:04","modified_gmt":"2025-11-17T13:54:04","slug":"psychosomatics-psychiatry-and-psychotherapy","status":"publish","type":"page","link":"https:\/\/www.betaklinik.de\/en\/specialties\/psychosomatics-psychiatry-and-psychotherapy\/","title":{"rendered":"Psychosomatics, Psychiatry and Psychotherapy"},"content":{"rendered":"\t\t<div data-elementor-type=\"wp-page\" data-elementor-id=\"7519\" class=\"elementor elementor-7519 elementor-1905\" data-elementor-post-type=\"page\">\n\t\t\t\t<div class=\"elementor-element elementor-element-ac49a90 bk_heroPill e-flex e-con-boxed e-con e-parent\" data-id=\"ac49a90\" data-element_type=\"container\" data-e-type=\"container\" data-settings=\"{&quot;background_background&quot;:&quot;classic&quot;}\">\n\t\t\t\t\t<div class=\"e-con-inner\">\n\t\t\t\t\t<\/div>\n\t\t\t\t<\/div>\n\t\t<div class=\"elementor-element elementor-element-74259d1 e-flex e-con-boxed e-con e-parent\" data-id=\"74259d1\" data-element_type=\"container\" data-e-type=\"container\">\n\t\t\t\t\t<div class=\"e-con-inner\">\n\t\t\t\t<div class=\"elementor-element elementor-element-8304e56 elementor-widget elementor-widget-s4_site_intro\" data-id=\"8304e56\" data-element_type=\"widget\" data-e-type=\"widget\" data-widget_type=\"s4_site_intro.default\">\n\t\t\t\t<div class=\"elementor-widget-container\">\n\t\t\t\t\t\n\t\t<section class=\"sty_moduleWrapper\"  >\n\n\t\t\t<div class=\"container\">\n\n\t\t\t\n\t\t\t\t<div class=\"align-items-center row sty_content-align-site-intro-center\">\n\t\t\t\t\t<div class=\"col-md-12 sty_siteIntro_text_alignment\">\n\t\t\t\t\t\t<h1 class=\"sty_pb_d sty_txt sty_titleFontColor sty_fontFamilyTitle\" style=\"display:block;\">Psychosomatics, Psychiatry and Psychotherapy<\/h1>\n\t\t\t\t\t<\/div>\n\t\t\t\t<\/div>\n\n\t\t\t\t<div class=\"row\"><div class=\"\"><div class=\"sty_image sty_articleImage d-flex justify-content-center\" style=\"position: relative;\"><\/div><\/div><\/div>\n\n\n\n\t\t\t<\/div>\n\t\t<\/section>\n\n\t\t\t\t\t<\/div>\n\t\t\t\t<\/div>\n\t\t\t\t\t<\/div>\n\t\t\t\t<\/div>\n\t\t<div class=\"elementor-element elementor-element-95e39aa e-flex e-con-boxed e-con e-parent\" data-id=\"95e39aa\" data-element_type=\"container\" data-e-type=\"container\">\n\t\t\t\t\t<div class=\"e-con-inner\">\n\t\t\t\t<div class=\"elementor-element elementor-element-45a8a30 elementor-widget elementor-widget-text-editor\" data-id=\"45a8a30\" data-element_type=\"widget\" data-e-type=\"widget\" data-widget_type=\"text-editor.default\">\n\t\t\t\t<div class=\"elementor-widget-container\">\n\t\t\t\t\t\t\t\t\t<h2>Interdisciplinary Psychosomatics &amp; Psychiatry<\/h2>\t\t\t\t\t\t\t\t<\/div>\n\t\t\t\t<\/div>\n\t\t\t\t\t<\/div>\n\t\t\t\t<\/div>\n\t\t<div class=\"elementor-element elementor-element-7ac1b8d e-flex e-con-boxed e-con e-parent\" data-id=\"7ac1b8d\" data-element_type=\"container\" data-e-type=\"container\">\n\t\t\t\t\t<div class=\"e-con-inner\">\n\t\t\t\t<div class=\"elementor-element elementor-element-97607d8 sty_padding_inner_container_top_3 elementor-widget elementor-widget-text-editor\" data-id=\"97607d8\" data-element_type=\"widget\" data-e-type=\"widget\" data-widget_type=\"text-editor.default\">\n\t\t\t\t<div class=\"elementor-widget-container\">\n\t\t\t\t\t\t\t\t\t<div class=\"wpb-content-wrapper\"><div class=\"vc_row wpb_row vc_row-fluid\"><div class=\"wpb_column vc_column_container vc_col-sm-12\"><div class=\"vc_column-inner\"><div class=\"wpb_wrapper\"><div class=\"wpb_text_column wpb_content_element \"><div class=\"wpb_wrapper\"><p>Everyone has probably at least once, experienced some kind of life crisis, the feeling of being overwhelmed whether privately or professionally. Such things as unexplainable anxiety and pain, night sweats and sleeping disorders \u2013 problems which once seemed easily solvable become insurmountable challenges. Symptoms and causes of psychosomatic disorders and illnesses are manifold. They require an in-depth and thorough clarification and diagnosis in order to develop a highly effective therapy and treatment.<\/p><\/div><\/div><\/div><\/div><\/div><\/div><div class=\"vc_row wpb_row vc_row-fluid\"><div class=\"wpb_column vc_column_container vc_col-sm-12\"><div class=\"vc_column-inner\"><div class=\"wpb_wrapper\"><div class=\"wpb_text_column wpb_content_element \"><div class=\"wpb_wrapper\"><h2>Holistic Approach<\/h2><p>The experts at the BetaGenese Klinik have developed an integrative treatment approach where the focus is on the special cooperation of both body and psychological functions: The healing of psychosomatic disorders follows a process where the body and psyche enter into a \u201cdialogue\u201d.<br \/>The holistic and therapeutic concept of BetaGenese is not dogmatic; the very solution-oriented treatment strategy is developed in close cooperation with the patient.<\/p><p>The patient\u2019s personal strengths and resources point and guide the way, not the illness. The patient is the expert for the content and the clinic team for the process.<\/p><p>In this way we orient ourselves in a solutions oriented process rather than responding to zeitgeist ideas.<\/p><\/div><\/div><\/div><\/div><\/div><\/div><div class=\"vc_row wpb_row vc_row-fluid\"><div class=\"wpb_column vc_column_container vc_col-sm-12\"><div class=\"vc_column-inner\"><div class=\"wpb_wrapper\"><div class=\"wpb_text_column wpb_content_element \"><div class=\"wpb_wrapper\"><h2>Individual Treatment Concepts<\/h2><p>The possibility of withdrawing from a conflict filled environment to an in-patient stay with intensive medical treatment is often necessary. Many patients find the experience both comfortable and pleasant. The BetaGenese Klinik offers individual possibilities. Alongside the in-patient stay are also out-patient treatment possibilities as well as short term intensive therapies.<\/p><p>If you would like to find out more about the BetaGenese Private Clinic for interdisciplinary psychosomatics and psychiatry then please click here:\u00a0<a href=\"https:\/\/www.betagenese.de\/\" target=\"_blank\" rel=\"noopener\">www.betagenese.de<\/a><\/p><\/div><\/div><\/div><\/div><\/div><\/div><\/div>\t\t\t\t\t\t\t\t<\/div>\n\t\t\t\t<\/div>\n\t\t\t\t\t<\/div>\n\t\t\t\t<\/div>\n\t\t<div class=\"elementor-element elementor-element-9235685 e-flex e-con-boxed e-con e-parent\" data-id=\"9235685\" data-element_type=\"container\" data-e-type=\"container\">\n\t\t\t\t\t<div class=\"e-con-inner\">\n\t\t\t\t<div class=\"elementor-element elementor-element-134246d sty_padding_inner_container_bottom_3 elementor-widget elementor-widget-s4_image_text_module\" data-id=\"134246d\" data-element_type=\"widget\" data-e-type=\"widget\" data-widget_type=\"s4_image_text_module.default\">\n\t\t\t\t<div class=\"elementor-widget-container\">\n\t\t\t\t\t\n\t\t<section class=\"sty_moduleWrapper \n    \"\n    data-sticky-scroll=\"\">\n\t\t\t<div class=\"container\">\n\t\t\t\t<div class=\" align-items-center  row\">\n\t\t\t\t\t<div class=\"col-lg-5 me-auto sty_image \">\n\t\t\t\t\t\t<div class=\"sty_image sty_articleImage straggy-image-text-module__image d-flex justify-content-center\" style=\"position: relative;\"><img decoding=\"async\" src=\"https:\/\/www.betaklinik.de\/wp-content\/uploads\/2025\/09\/JulianHukePhotography_2048px-9440.jpg\" loading=\"lazy\" class=\"\" alt=\"Bl\u00fchende Kirschb\u00e4ume vor modernen B\u00fcrogeb\u00e4uden mit Glasfassaden an einem sonnigen Tag.\"><\/div>\t\t\t\t\t<\/div>\n\t\t\t\t\t<div class=\"col-lg-7  sty_text_content\">\n\t\t\t\t\t\t<h2 class=\"sty_pb_d sty_txt sty_titleFontColor sty_fontFamilyTitle\" style=\"display:block;\">BetaGenese Clinic<\/h2><div class=\"sty_pb_e sty_txt sty_fontColor sty_fontFamily\"><p><strong>Private clinic for interdisciplinary psychosomatics and psychiatry<\/strong><\/p><p>Joseph-Schumpeter-Allee 15<br \/>53227 Bonn<\/p><p>E-Mail:\u00a0<a href=\"mailto:kontakt@betagenese.de\">kontakt@betagenese.de<\/a><br \/>Phone: <a href=\"tel:0228909075500\">+49 228 90 90 75 \u2013 500<\/a><br \/><br \/><\/p><\/div>\n\t\t\t\t\t<\/div>\n\t\t\t\t<\/div>\n\t\t\t<\/div>\n\t\t<\/section>\n\n\t\t<style>\n\t\t        .elementor-element-134246d .sty_moduleWrapper {\n\t\t            height: auto !important;\n\t\t        }\n\t\t    <\/style>\n\t\t\n\t\t\t\t\t<\/div>\n\t\t\t\t<\/div>\n\t\t\t\t\t<\/div>\n\t\t\t\t<\/div>\n\t\t<div class=\"elementor-element elementor-element-e89f9c2 e-flex e-con-boxed e-con e-parent\" data-id=\"e89f9c2\" data-element_type=\"container\" data-e-type=\"container\">\n\t\t\t\t\t<div class=\"e-con-inner\">\n\t\t\t\t<div class=\"elementor-element elementor-element-070d760 elementor-widget elementor-widget-text-editor\" data-id=\"070d760\" data-element_type=\"widget\" data-e-type=\"widget\" data-widget_type=\"text-editor.default\">\n\t\t\t\t<div class=\"elementor-widget-container\">\n\t\t\t\t\t\t\t\t\t<h2>Psychiatry and psychotherapy<\/h2>\t\t\t\t\t\t\t\t<\/div>\n\t\t\t\t<\/div>\n\t\t\t\t<div class=\"elementor-element elementor-element-72d5ecf sty_padding_inner_container_top_3 elementor-widget elementor-widget-text-editor\" data-id=\"72d5ecf\" data-element_type=\"widget\" data-e-type=\"widget\" data-widget_type=\"text-editor.default\">\n\t\t\t\t<div class=\"elementor-widget-container\">\n\t\t\t\t\t\t\t\t\t<div class=\"wpb-content-wrapper\"><div class=\"vc_row wpb_row vc_row-fluid\"><div class=\"wpb_column vc_column_container vc_col-sm-12\"><div class=\"vc_column-inner\"><div class=\"wpb_wrapper\"><div class=\"wpb_text_column wpb_content_element \"><div class=\"wpb_wrapper\"><div class=\"vc_row wpb_row vc_row-fluid\"><div class=\"wpb_column vc_column_container vc_col-sm-12\"><div class=\"vc_column-inner\"><div class=\"wpb_wrapper\"><div class=\"wpb_text_column wpb_content_element \"><div class=\"wpb_wrapper\"><p>Dr. med. Barbara Hawellek offers outpatient treatment in the fields of clinical psychiatry and psychotherapy (individual \/ group therapy), and her main areas of focus consist of deep psychotherapy, interpersonal psychotherapy, Cognitive Behavioral Analysis System of Psychotherapy (CBASP) and philosophical teaching practice. Depending on the condition, treatment may be paired with drug treatment.<\/p><\/div><\/div><\/div><\/div><\/div><\/div><div class=\"vc_row wpb_row vc_row-fluid\"><div class=\"wpb_column vc_column_container vc_col-sm-12\"><div class=\"vc_column-inner\"><div class=\"wpb_wrapper\"><div class=\"wpb_text_column wpb_content_element \"><div class=\"wpb_wrapper\"><p>Our main focus is the therapy of affective disorders like<\/p><ul><li>depression<\/li><li>bipolar disorder<\/li><li>anxiety disorder<\/li><li>obsessive-compulsive disorder<\/li><li>personality disorder<\/li><li>PTSD (posttraumatic disorder)<\/li><li>depressive reactions as a result of physical diseases (e.g., cancer)<\/li><\/ul><p>Thanks to the cooperation with other medical departments at Beta Klinik, we can offer your psycho-oncological crisis intervention, counseling and therapy.<\/p><\/div><\/div><\/div><\/div><\/div><\/div><div class=\"vc_row wpb_row vc_row-fluid\"><div class=\"wpb_column vc_column_container vc_col-sm-12\"><div class=\"vc_column-inner\"><div class=\"wpb_wrapper\"><div class=\"wpb_text_column wpb_content_element \"><div class=\"wpb_wrapper\"><h2>Single and group therapy and treatments<\/h2><p>Dr. med. Barbara Hawellek, M.D., carries out psychiatric treatments and psychotherapy (single and group therapy) with focus on depth psychotherapy (depth psychology), cognitive behavioral analysis system of psychotherapy (CBASP) and philosophical teaching practice. Subject to your illness, she takes care of you with drug therapy (pharmacotherapy) and\/or psychotherapy.<\/p><\/div><\/div><\/div><\/div><\/div><\/div><div class=\"vc_row wpb_row vc_row-fluid\"><div class=\"wpb_column vc_column_container vc_col-sm-12\"><div class=\"vc_column-inner\"><div class=\"wpb_wrapper\"><div class=\"wpb_text_column wpb_content_element \"><div class=\"wpb_wrapper\"><h3>Diagnostic specializations<\/h3><ul><li>affective disorders (e.g., depressions), bipolar affective disorders<\/li><li>anxiety, obsessive-compulsive and personality disorders<\/li><li>burn-out (long-term exhaustion)<\/li><li>cognitive disorders<\/li><li>psychological crisis about the meaning of one\u00b4s life (counseling\/philosophical teaching practice)<\/li><\/ul><\/div><\/div><\/div><\/div><\/div><\/div><div class=\"vc_row wpb_row vc_row-fluid\"><div class=\"wpb_column vc_column_container vc_col-sm-12\"><div class=\"vc_column-inner\"><div class=\"wpb_wrapper\"><div class=\"wpb_text_column wpb_content_element \"><div class=\"wpb_wrapper\"><h3>Diagnostic methods<\/h3><ul><li>psychometrics (psychological measurement, e.g., personality, depression, concentration and cognition measurement)<\/li><li>optional laboratory diagnostics (blood and cerebrospinal fluid), EEG, MRI of the brain (for ruling out physical causes)<\/li><\/ul><\/div><\/div><\/div><\/div><\/div><\/div><\/div><\/div><\/div><\/div><\/div><\/div><div class=\"vc_row wpb_row vc_row-fluid\"><div class=\"wpb_column vc_column_container vc_col-sm-12\"><div class=\"vc_column-inner\"><div class=\"wpb_wrapper\"><div class=\"wpb_text_column wpb_content_element \"><div class=\"wpb_wrapper\">\u00a0<\/div><\/div><\/div><\/div><\/div><\/div><\/div>\t\t\t\t\t\t\t\t<\/div>\n\t\t\t\t<\/div>\n\t\t\t\t<div class=\"elementor-element elementor-element-1133f45 sty_padding_inner_container_top_3 elementor-widget elementor-widget-text-editor\" data-id=\"1133f45\" data-element_type=\"widget\" data-e-type=\"widget\" data-widget_type=\"text-editor.default\">\n\t\t\t\t<div class=\"elementor-widget-container\">\n\t\t\t\t\t\t\t\t\t<h2>Therapy psychiatry and psychotherapy<\/h2><div class=\"wpb-content-wrapper\"><div class=\"vc_row wpb_row vc_row-fluid\"><div class=\"wpb_column vc_column_container vc_col-sm-12\"><div class=\"vc_column-inner\"><div class=\"wpb_wrapper\"><div class=\"wpb_text_column wpb_content_element \"><div class=\"wpb_wrapper\"><p>At the psychiatric department of Beta Klinik, we focus on the following therapy options:<\/p><ul><li>clinical psychiatric therapy<\/li><li>psychotherapy<\/li><li>combination therapy<\/li><\/ul><\/div><\/div><\/div><\/div><\/div><\/div><div class=\"vc_row wpb_row vc_row-fluid\"><div class=\"wpb_column vc_column_container vc_col-sm-12\"><div class=\"vc_column-inner\"><div class=\"wpb_wrapper\"><div class=\"wpb_text_column wpb_content_element \"><div class=\"wpb_wrapper\"><h3>Clinical psychiatric therapy<\/h3><p>The clinical psychiatric therapy is an outpatient therapy that consists of conversations and psychopharmacological medication based on state-of-the-art international guidelines of the APA\/American Psychiatric Association. It includes a serum level test and a dose adjustment.<\/p><\/div><\/div><\/div><\/div><\/div><\/div><div class=\"vc_row wpb_row vc_row-fluid\"><div class=\"wpb_column vc_column_container vc_col-sm-12\"><div class=\"vc_column-inner\"><div class=\"wpb_wrapper\"><div class=\"wpb_text_column wpb_content_element \"><div class=\"wpb_wrapper\"><h3>Psychotherapy<\/h3><p>There are three kinds of psychotherapy at Beta Klinik:<\/p><ul><li>individual and group therapy based on depth psychology<\/li><li>behavioral psychotherapy (being accompanied during exposure training included)<\/li><li>dialectical behavior therapy according to Linehan (group therapy)<\/li><\/ul><p>The specific kind of psychotherapy and the duration of this therapy depend on the individual disorder, its grade, the patient\u00b4s personality profile and expectations.<\/p><p>Generally, psychotherapy requires one outpatient setting (50 minutes) in case of individual or a double appointment (100 minutes) in case of group therapy. Short-term psychotherapy lasts about 3-4 months, more intensive therapies 1.5-2 years.<\/p><\/div><\/div><\/div><\/div><\/div><\/div><div class=\"vc_row wpb_row vc_row-fluid\"><div class=\"wpb_column vc_column_container vc_col-sm-12\"><div class=\"vc_column-inner\"><div class=\"wpb_wrapper\"><div class=\"wpb_text_column wpb_content_element \"><div class=\"wpb_wrapper\"><h3>Combination therapy<\/h3><p>Several clinical research studies have proven that a combined psychotherapeutic and pharmacological therapy is most successful, especially in case of affective disorders. This is why patients normally undergo a combined psychotherapeutic and pharmacological therapy that meets their individual needs.<\/p><\/div><\/div><\/div><\/div><\/div><\/div><\/div>\t\t\t\t\t\t\t\t<\/div>\n\t\t\t\t<\/div>\n\t\t\t\t\t<\/div>\n\t\t\t\t<\/div>\n\t\t\t\t<\/div>\n\t\t","protected":false},"excerpt":{"rendered":"<p>Symptoms and causes of psychosomatic disorders and illnesses are manifold. They require an in-depth and thorough clarification and diagnosis.<\/p>\n","protected":false},"author":5,"featured_media":5986,"parent":7254,"menu_order":0,"comment_status":"closed","ping_status":"closed","template":"","meta":{"_acf_changed":false,"footnotes":""},"fachrichtung":[],"class_list":["post-7519","page","type-page","status-publish","has-post-thumbnail","hentry"],"acf":[],"_links":{"self":[{"href":"https:\/\/www.betaklinik.de\/en\/wp-json\/wp\/v2\/pages\/7519","targetHints":{"allow":["GET"]}}],"collection":[{"href":"https:\/\/www.betaklinik.de\/en\/wp-json\/wp\/v2\/pages"}],"about":[{"href":"https:\/\/www.betaklinik.de\/en\/wp-json\/wp\/v2\/types\/page"}],"author":[{"embeddable":true,"href":"https:\/\/www.betaklinik.de\/en\/wp-json\/wp\/v2\/users\/5"}],"replies":[{"embeddable":true,"href":"https:\/\/www.betaklinik.de\/en\/wp-json\/wp\/v2\/comments?post=7519"}],"version-history":[{"count":10,"href":"https:\/\/www.betaklinik.de\/en\/wp-json\/wp\/v2\/pages\/7519\/revisions"}],"predecessor-version":[{"id":12132,"href":"https:\/\/www.betaklinik.de\/en\/wp-json\/wp\/v2\/pages\/7519\/revisions\/12132"}],"up":[{"embeddable":true,"href":"https:\/\/www.betaklinik.de\/en\/wp-json\/wp\/v2\/pages\/7254"}],"wp:featuredmedia":[{"embeddable":true,"href":"https:\/\/www.betaklinik.de\/en\/wp-json\/wp\/v2\/media\/5986"}],"wp:attachment":[{"href":"https:\/\/www.betaklinik.de\/en\/wp-json\/wp\/v2\/media?parent=7519"}],"wp:term":[{"taxonomy":"fachrichtung","embeddable":true,"href":"https:\/\/www.betaklinik.de\/en\/wp-json\/wp\/v2\/fachrichtung?post=7519"}],"curies":[{"name":"wp","href":"https:\/\/api.w.org\/{rel}","templated":true}]}}