{"id":9268,"date":"2025-10-27T13:38:31","date_gmt":"2025-10-27T13:38:31","guid":{"rendered":"https:\/\/www.betaklinik.de\/?page_id=9268"},"modified":"2026-01-06T11:03:49","modified_gmt":"2026-01-06T11:03:49","slug":"obstructed-defecation-syndrome-rectocele-surgery","status":"publish","type":"page","link":"https:\/\/www.betaklinik.de\/en\/specialties\/general-surgery-and-colorectal-surgery-proctology\/obstructed-defecation-syndrome-rectocele-surgery\/","title":{"rendered":"Obstructed defecation syndrome \/ rectocele surgery (STARR surgery)"},"content":{"rendered":"\t\t<div data-elementor-type=\"wp-page\" data-elementor-id=\"9268\" class=\"elementor elementor-9268 elementor-3842\" data-elementor-post-type=\"page\">\n\t\t\t\t<div class=\"elementor-element elementor-element-813f6c8 e-flex e-con-boxed e-con e-parent\" data-id=\"813f6c8\" data-element_type=\"container\" data-e-type=\"container\">\n\t\t\t\t\t<div class=\"e-con-inner\">\n\t\t\t\t<div class=\"elementor-element elementor-element-9c3e785 elementor-widget elementor-widget-text-editor\" data-id=\"9c3e785\" data-element_type=\"widget\" data-e-type=\"widget\" data-widget_type=\"text-editor.default\">\n\t\t\t\t<div class=\"elementor-widget-container\">\n\t\t\t\t\t\t\t\t\t<h1>Obstructed defecation syndrome \/ rectocele surgery (STARR surgery)<\/h1><div class=\"wpb-content-wrapper\"><div class=\"vc_row wpb_row vc_row-fluid\"><div class=\"wpb_column vc_column_container vc_col-sm-12\"><div class=\"vc_column-inner\"><div class=\"wpb_wrapper\"><div class=\"wpb_text_column wpb_content_element \"><div class=\"wpb_wrapper\"><p>If the non-surgical treatment of the\u00a0<a title=\"Obstructed defecation syndrome (severe constipation)\" href=\"https:\/\/www.betaklinik.de\/en\/specialties\/general-surgery-and-colorectal-surgery-proctology\/obstructed-defecation-syndrome\/\">obstructed defecation syndrome<\/a>\u00a0is not successful and given an internal rectal prolapse and rectocele\u00a0(prolapse bulging\u00a0into vagina), a so-called STARR surgery is indicated. STARR means stapled transanal rectal resection. Thus, the rectal prolapse is removed through the anus, using a staple technique.<\/p><\/div><\/div><\/div><\/div><\/div><\/div><\/div>\t\t\t\t\t\t\t\t<\/div>\n\t\t\t\t<\/div>\n\t\t\t\t<div class=\"elementor-element elementor-element-c7a964a elementor-widget elementor-widget-gallery\" data-id=\"c7a964a\" data-element_type=\"widget\" data-e-type=\"widget\" data-settings=\"{&quot;gallery_layout&quot;:&quot;justified&quot;,&quot;ideal_row_height&quot;:{&quot;unit&quot;:&quot;px&quot;,&quot;size&quot;:288,&quot;sizes&quot;:[]},&quot;lazyload&quot;:&quot;yes&quot;,&quot;ideal_row_height_tablet_extra&quot;:{&quot;unit&quot;:&quot;px&quot;,&quot;size&quot;:150,&quot;sizes&quot;:[]},&quot;ideal_row_height_tablet&quot;:{&quot;unit&quot;:&quot;px&quot;,&quot;size&quot;:150,&quot;sizes&quot;:[]},&quot;ideal_row_height_mobile_extra&quot;:{&quot;unit&quot;:&quot;px&quot;,&quot;size&quot;:150,&quot;sizes&quot;:[]},&quot;ideal_row_height_mobile&quot;:{&quot;unit&quot;:&quot;px&quot;,&quot;size&quot;:150,&quot;sizes&quot;:[]},&quot;gap&quot;:{&quot;unit&quot;:&quot;px&quot;,&quot;size&quot;:10,&quot;sizes&quot;:[]},&quot;gap_tablet_extra&quot;:{&quot;unit&quot;:&quot;px&quot;,&quot;size&quot;:10,&quot;sizes&quot;:[]},&quot;gap_tablet&quot;:{&quot;unit&quot;:&quot;px&quot;,&quot;size&quot;:10,&quot;sizes&quot;:[]},&quot;gap_mobile_extra&quot;:{&quot;unit&quot;:&quot;px&quot;,&quot;size&quot;:10,&quot;sizes&quot;:[]},&quot;gap_mobile&quot;:{&quot;unit&quot;:&quot;px&quot;,&quot;size&quot;:10,&quot;sizes&quot;:[]},&quot;link_to&quot;:&quot;file&quot;,&quot;overlay_background&quot;:&quot;yes&quot;,&quot;content_hover_animation&quot;:&quot;fade-in&quot;}\" data-widget_type=\"gallery.default\">\n\t\t\t\t<div class=\"elementor-widget-container\">\n\t\t\t\t\t\t\t<div class=\"elementor-gallery__container\">\n\t\t\t\t\t\t\t<a class=\"e-gallery-item elementor-gallery-item elementor-animated-content\" href=\"https:\/\/www.betaklinik.de\/wp-content\/uploads\/2025\/08\/Defaekationsstoerung-1.jpg\" data-elementor-open-lightbox=\"yes\" data-elementor-lightbox-slideshow=\"c7a964a\" data-elementor-lightbox-title=\"Def\u00e4kationsst\u00f6rung-1\" data-e-action-hash=\"#elementor-action%3Aaction%3Dlightbox%26settings%3DeyJpZCI6NDIyNywidXJsIjoiaHR0cHM6XC9cL3d3dy5iZXRha2xpbmlrLmRlXC93cC1jb250ZW50XC91cGxvYWRzXC8yMDI1XC8wOFwvRGVmYWVrYXRpb25zc3RvZXJ1bmctMS5qcGciLCJzbGlkZXNob3ciOiJjN2E5NjRhIn0%3D\">\n\t\t\t\t\t<div class=\"e-gallery-image elementor-gallery-item__image\" data-thumbnail=\"https:\/\/www.betaklinik.de\/wp-content\/uploads\/2025\/08\/Defaekationsstoerung-1-300x245.jpg\" data-width=\"300\" data-height=\"245\" aria-label=\"Illustration einer Stuhlentleerungsst\u00f6rung\" role=\"img\" ><\/div>\n\t\t\t\t\t\t\t\t\t\t\t<div class=\"elementor-gallery-item__overlay\"><\/div>\n\t\t\t\t\t\t\t\t\t\t\t\t\t\t<\/a>\n\t\t\t\t\t\t\t<a class=\"e-gallery-item elementor-gallery-item elementor-animated-content\" href=\"https:\/\/www.betaklinik.de\/wp-content\/uploads\/2025\/08\/Defaekationsstoerung-2.jpg\" data-elementor-open-lightbox=\"yes\" data-elementor-lightbox-slideshow=\"c7a964a\" data-elementor-lightbox-title=\"Def\u00e4kationsst\u00f6rung-2\" data-e-action-hash=\"#elementor-action%3Aaction%3Dlightbox%26settings%3DeyJpZCI6NDIyNSwidXJsIjoiaHR0cHM6XC9cL3d3dy5iZXRha2xpbmlrLmRlXC93cC1jb250ZW50XC91cGxvYWRzXC8yMDI1XC8wOFwvRGVmYWVrYXRpb25zc3RvZXJ1bmctMi5qcGciLCJzbGlkZXNob3ciOiJjN2E5NjRhIn0%3D\">\n\t\t\t\t\t<div class=\"e-gallery-image elementor-gallery-item__image\" data-thumbnail=\"https:\/\/www.betaklinik.de\/wp-content\/uploads\/2025\/08\/Defaekationsstoerung-2-300x241.jpg\" data-width=\"300\" data-height=\"241\" aria-label=\"Klammernahtinstrumentarium der\" role=\"img\" ><\/div>\n\t\t\t\t\t\t\t\t\t\t\t<div class=\"elementor-gallery-item__overlay\"><\/div>\n\t\t\t\t\t\t\t\t\t\t\t\t\t\t<\/a>\n\t\t\t\t\t<\/div>\n\t\t\t\t\t<\/div>\n\t\t\t\t<\/div>\n\t\t\t\t<div class=\"elementor-element elementor-element-fd0b161 elementor-widget elementor-widget-spacer\" data-id=\"fd0b161\" data-element_type=\"widget\" data-e-type=\"widget\" data-widget_type=\"spacer.default\">\n\t\t\t\t<div class=\"elementor-widget-container\">\n\t\t\t\t\t\t\t<div class=\"elementor-spacer\">\n\t\t\t<div class=\"elementor-spacer-inner\"><\/div>\n\t\t<\/div>\n\t\t\t\t\t\t<\/div>\n\t\t\t\t<\/div>\n\t\t\t\t<div class=\"elementor-element elementor-element-c8d8f2e elementor-widget elementor-widget-text-editor\" data-id=\"c8d8f2e\" data-element_type=\"widget\" data-e-type=\"widget\" data-widget_type=\"text-editor.default\">\n\t\t\t\t<div class=\"elementor-widget-container\">\n\t\t\t\t\t\t\t\t\t<div class=\"vc_row wpb_row vc_row-fluid\"><div class=\"wpb_column vc_column_container vc_col-sm-12\"><div class=\"vc_column-inner\"><div class=\"wpb_wrapper\"><div class=\"wpb_text_column wpb_content_element \"><div class=\"wpb_wrapper\"><h2>When is STARR surgery indicated?<\/h2><p>Whether STARR surgery or its advancement (Transtar\u2122 surgery) is indicated in order to cure with a reasonable risk, has to be decided individually. After more than 10 years of experience in this technique, the best outcome is possible if the internal rectal prolapse and an intact function of the anal sphincter have been proven by MR defecography.<\/p><p>Large rectoceles are a relative contraindication of STARR surgery. It is often better to treat them with alternative open surgical procedures like Lahodny\u00b4s operation with a lateral vaginal suture, levatorplasty or rectoplasty (suture adaptation of the levator ani muscle of the pelvis) and perineoplasty (building up of the perineum) in one surgery.<\/p><\/div><\/div><\/div><\/div><\/div><\/div><div class=\"vc_row wpb_row vc_row-fluid\"><div class=\"wpb_column vc_column_container vc_col-sm-12\"><div class=\"vc_column-inner\"><div class=\"wpb_wrapper\"><div class=\"wpb_text_column wpb_content_element \"><div class=\"wpb_wrapper\"><h2>How is STARR surgery performed?<\/h2><p>The basic principle of STARR surgery is the removal of parts of the rectal wall that fold in during defecation (passing stool). During this procedure, a surgical stapler is used, which is inserted into the anus, making surgery possible without an exterior incision or entering through the abdominal wall.<\/p><p>It requires the same preparations as the Milligan-Morgen procedure and can be undergone under general or regional spinal anesthesia. Staying at Beta Klinik for 2-3 days is necessary.<\/p><p>The successful outcome of STARR surgery depends on the correct diagnosis, the anatomical and surgical expertise as well as the surgeon\u00b4s experience.<\/p><p>The most important steps are depicted in the following images:<\/p><\/div><\/div><\/div><\/div><\/div><\/div>\t\t\t\t\t\t\t\t<\/div>\n\t\t\t\t<\/div>\n\t\t\t\t<div class=\"elementor-element elementor-element-6769779 elementor-widget elementor-widget-gallery\" data-id=\"6769779\" data-element_type=\"widget\" data-e-type=\"widget\" data-settings=\"{&quot;lazyload&quot;:&quot;yes&quot;,&quot;gallery_layout&quot;:&quot;grid&quot;,&quot;columns&quot;:4,&quot;columns_tablet&quot;:2,&quot;columns_mobile&quot;:1,&quot;gap&quot;:{&quot;unit&quot;:&quot;px&quot;,&quot;size&quot;:10,&quot;sizes&quot;:[]},&quot;gap_tablet_extra&quot;:{&quot;unit&quot;:&quot;px&quot;,&quot;size&quot;:10,&quot;sizes&quot;:[]},&quot;gap_tablet&quot;:{&quot;unit&quot;:&quot;px&quot;,&quot;size&quot;:10,&quot;sizes&quot;:[]},&quot;gap_mobile_extra&quot;:{&quot;unit&quot;:&quot;px&quot;,&quot;size&quot;:10,&quot;sizes&quot;:[]},&quot;gap_mobile&quot;:{&quot;unit&quot;:&quot;px&quot;,&quot;size&quot;:10,&quot;sizes&quot;:[]},&quot;link_to&quot;:&quot;file&quot;,&quot;aspect_ratio&quot;:&quot;3:2&quot;,&quot;overlay_background&quot;:&quot;yes&quot;,&quot;content_hover_animation&quot;:&quot;fade-in&quot;}\" data-widget_type=\"gallery.default\">\n\t\t\t\t<div class=\"elementor-widget-container\">\n\t\t\t\t\t\t\t<div class=\"elementor-gallery__container\">\n\t\t\t\t\t\t\t<a class=\"e-gallery-item elementor-gallery-item elementor-animated-content\" href=\"https:\/\/www.betaklinik.de\/wp-content\/uploads\/2025\/08\/07_STARR-Prolapsed-Rectum-with-Rectocele-and-Intussusception.jpg\" data-elementor-open-lightbox=\"yes\" data-elementor-lightbox-slideshow=\"6769779\" data-elementor-lightbox-title=\"07_STARR-Prolapsed-Rectum-with-Rectocele-and-Intussusception\" data-e-action-hash=\"#elementor-action%3Aaction%3Dlightbox%26settings%3DeyJpZCI6NDIzNSwidXJsIjoiaHR0cHM6XC9cL3d3dy5iZXRha2xpbmlrLmRlXC93cC1jb250ZW50XC91cGxvYWRzXC8yMDI1XC8wOFwvMDdfU1RBUlItUHJvbGFwc2VkLVJlY3R1bS13aXRoLVJlY3RvY2VsZS1hbmQtSW50dXNzdXNjZXB0aW9uLmpwZyIsInNsaWRlc2hvdyI6IjY3Njk3NzkifQ%3D%3D\">\n\t\t\t\t\t<div class=\"e-gallery-image elementor-gallery-item__image\" data-thumbnail=\"https:\/\/www.betaklinik.de\/wp-content\/uploads\/2025\/08\/07_STARR-Prolapsed-Rectum-with-Rectocele-and-Intussusception-300x243.jpg\" data-width=\"300\" data-height=\"243\" aria-label=\"Illustration des Darmtrakts \" role=\"img\" ><\/div>\n\t\t\t\t\t\t\t\t\t\t\t<div class=\"elementor-gallery-item__overlay\"><\/div>\n\t\t\t\t\t\t\t\t\t\t\t\t\t\t<\/a>\n\t\t\t\t\t\t\t<a class=\"e-gallery-item elementor-gallery-item elementor-animated-content\" href=\"https:\/\/www.betaklinik.de\/wp-content\/uploads\/2025\/08\/Defaekationsstoerung-3.jpg\" data-elementor-open-lightbox=\"yes\" data-elementor-lightbox-slideshow=\"6769779\" data-elementor-lightbox-title=\"Def\u00e4kationsst\u00f6rung-3\" data-e-action-hash=\"#elementor-action%3Aaction%3Dlightbox%26settings%3DeyJpZCI6NDIzMywidXJsIjoiaHR0cHM6XC9cL3d3dy5iZXRha2xpbmlrLmRlXC93cC1jb250ZW50XC91cGxvYWRzXC8yMDI1XC8wOFwvRGVmYWVrYXRpb25zc3RvZXJ1bmctMy5qcGciLCJzbGlkZXNob3ciOiI2NzY5Nzc5In0%3D\">\n\t\t\t\t\t<div class=\"e-gallery-image elementor-gallery-item__image\" data-thumbnail=\"https:\/\/www.betaklinik.de\/wp-content\/uploads\/2025\/08\/Defaekationsstoerung-3-300x225.jpg\" data-width=\"300\" data-height=\"225\" aria-label=\"STARR-Operation: Ein Klammernahtinstrumentarium wird durch den Darmausgang eingef\u00fchrt wird und somit eine Operation ohne \u00e4u\u00dferen Schnitt bzw. Zugang durch die Bauchh\u00f6hle erm\u00f6glicht.\" role=\"img\" ><\/div>\n\t\t\t\t\t\t\t\t\t\t\t<div class=\"elementor-gallery-item__overlay\"><\/div>\n\t\t\t\t\t\t\t\t\t\t\t\t\t\t<\/a>\n\t\t\t\t\t\t\t<a class=\"e-gallery-item elementor-gallery-item elementor-animated-content\" href=\"https:\/\/www.betaklinik.de\/wp-content\/uploads\/2025\/09\/08_STARR-Rectal-Resection.jpg\" data-elementor-open-lightbox=\"yes\" data-elementor-lightbox-slideshow=\"6769779\" data-elementor-lightbox-title=\"08_STARR-Rectal-Resection\" data-e-action-hash=\"#elementor-action%3Aaction%3Dlightbox%26settings%3DeyJpZCI6NTAzMiwidXJsIjoiaHR0cHM6XC9cL3d3dy5iZXRha2xpbmlrLmRlXC93cC1jb250ZW50XC91cGxvYWRzXC8yMDI1XC8wOVwvMDhfU1RBUlItUmVjdGFsLVJlc2VjdGlvbi5qcGciLCJzbGlkZXNob3ciOiI2NzY5Nzc5In0%3D\">\n\t\t\t\t\t<div class=\"e-gallery-image elementor-gallery-item__image\" data-thumbnail=\"https:\/\/www.betaklinik.de\/wp-content\/uploads\/2025\/09\/08_STARR-Rectal-Resection-300x252.jpg\" data-width=\"300\" data-height=\"252\" aria-label=\"\" role=\"img\" ><\/div>\n\t\t\t\t\t\t\t\t\t\t\t<div class=\"elementor-gallery-item__overlay\"><\/div>\n\t\t\t\t\t\t\t\t\t\t\t\t\t\t<\/a>\n\t\t\t\t\t\t\t<a class=\"e-gallery-item elementor-gallery-item elementor-animated-content\" href=\"https:\/\/www.betaklinik.de\/wp-content\/uploads\/2025\/08\/09_STARR-Surgical-Reconstruction.jpg\" data-elementor-open-lightbox=\"yes\" data-elementor-lightbox-slideshow=\"6769779\" data-elementor-lightbox-title=\"09_STARR-Surgical-Reconstruction\" data-e-action-hash=\"#elementor-action%3Aaction%3Dlightbox%26settings%3DeyJpZCI6NDIyOSwidXJsIjoiaHR0cHM6XC9cL3d3dy5iZXRha2xpbmlrLmRlXC93cC1jb250ZW50XC91cGxvYWRzXC8yMDI1XC8wOFwvMDlfU1RBUlItU3VyZ2ljYWwtUmVjb25zdHJ1Y3Rpb24uanBnIiwic2xpZGVzaG93IjoiNjc2OTc3OSJ9\">\n\t\t\t\t\t<div class=\"e-gallery-image elementor-gallery-item__image\" data-thumbnail=\"https:\/\/www.betaklinik.de\/wp-content\/uploads\/2025\/08\/09_STARR-Surgical-Reconstruction-300x235.jpg\" data-width=\"300\" data-height=\"235\" aria-label=\"Illustration Ergebnis \" role=\"img\" ><\/div>\n\t\t\t\t\t\t\t\t\t\t\t<div class=\"elementor-gallery-item__overlay\"><\/div>\n\t\t\t\t\t\t\t\t\t\t\t\t\t\t<\/a>\n\t\t\t\t\t<\/div>\n\t\t\t\t\t<\/div>\n\t\t\t\t<\/div>\n\t\t\t\t<div class=\"elementor-element elementor-element-e7ea0c0 elementor-widget elementor-widget-text-editor\" data-id=\"e7ea0c0\" data-element_type=\"widget\" data-e-type=\"widget\" data-widget_type=\"text-editor.default\">\n\t\t\t\t<div class=\"elementor-widget-container\">\n\t\t\t\t\t\t\t\t\t<div class=\"vc_row wpb_row vc_row-fluid\"><div class=\"wpb_column vc_column_container vc_col-sm-12\"><div class=\"vc_column-inner\"><div class=\"wpb_wrapper\"><div class=\"wpb_text_column wpb_content_element \"><div class=\"wpb_wrapper\"><div class=\"vc_row wpb_row vc_row-fluid\"><div class=\"wpb_column vc_column_container vc_col-sm-12\"><div class=\"vc_column-inner\"><div class=\"wpb_wrapper\"><div class=\"wpb_text_column wpb_content_element \"><div class=\"wpb_wrapper\"><div class=\"vc_row wpb_row vc_row-fluid\"><div class=\"wpb_column vc_column_container vc_col-sm-12\"><div class=\"vc_column-inner\"><div class=\"wpb_wrapper\"><div class=\"wpb_text_column wpb_content_element \"><div class=\"wpb_wrapper\"><h2>Aftercare STARR surgery<\/h2><p>After surgery you can eat light fare in the evening and also the following day. PCA (patient-controlled analgesia) is possible after the operation because pain is moderate. It makes sense to stay 3 days at Beta Klinik in order to early detect bleedings, voiding dysfunctions of the bladder or a defecation disorder. Follow-up examination are recommended 2 and 4-6 weeks as well as 6 months after STARR surgery.<\/p><\/div><\/div><\/div><\/div><\/div><\/div><div class=\"vc_row wpb_row vc_row-fluid\"><div class=\"wpb_column vc_column_container vc_col-sm-12\"><div class=\"vc_column-inner\"><div class=\"wpb_wrapper\"><div class=\"wpb_text_column wpb_content_element \"><div class=\"wpb_wrapper\"><h2>When can I resume work?<\/h2><p>It depends on your occupation how long you have to take a break from work. Normally, it takes about 2-3 weeks.<\/p><\/div><\/div><\/div><\/div><\/div><\/div><\/div><\/div><\/div><\/div><\/div><\/div><\/div><\/div><\/div><\/div><\/div><\/div>\t\t\t\t\t\t\t\t<\/div>\n\t\t\t\t<\/div>\n\t\t\t\t\t<\/div>\n\t\t\t\t<\/div>\n\t\t\t\t<\/div>\n\t\t","protected":false},"excerpt":{"rendered":"<p>If the non-surgical treatment of the obstructed defecation syndrome is not successful and given an internal rectal prolapse and rectocele (prolapse bulging into vagina), a so-called STARR surgery is indicated. STARR means stapled transanal rectal resection.<\/p>\n","protected":false},"author":5,"featured_media":5031,"parent":7350,"menu_order":0,"comment_status":"closed","ping_status":"closed","template":"","meta":{"_acf_changed":false,"footnotes":""},"fachrichtung":[153],"class_list":["post-9268","page","type-page","status-publish","has-post-thumbnail","hentry","fachrichtung-proctology"],"acf":[],"_links":{"self":[{"href":"https:\/\/www.betaklinik.de\/en\/wp-json\/wp\/v2\/pages\/9268","targetHints":{"allow":["GET"]}}],"collection":[{"href":"https:\/\/www.betaklinik.de\/en\/wp-json\/wp\/v2\/pages"}],"about":[{"href":"https:\/\/www.betaklinik.de\/en\/wp-json\/wp\/v2\/types\/page"}],"author":[{"embeddable":true,"href":"https:\/\/www.betaklinik.de\/en\/wp-json\/wp\/v2\/users\/5"}],"replies":[{"embeddable":true,"href":"https:\/\/www.betaklinik.de\/en\/wp-json\/wp\/v2\/comments?post=9268"}],"version-history":[{"count":3,"href":"https:\/\/www.betaklinik.de\/en\/wp-json\/wp\/v2\/pages\/9268\/revisions"}],"predecessor-version":[{"id":14120,"href":"https:\/\/www.betaklinik.de\/en\/wp-json\/wp\/v2\/pages\/9268\/revisions\/14120"}],"up":[{"embeddable":true,"href":"https:\/\/www.betaklinik.de\/en\/wp-json\/wp\/v2\/pages\/7350"}],"wp:featuredmedia":[{"embeddable":true,"href":"https:\/\/www.betaklinik.de\/en\/wp-json\/wp\/v2\/media\/5031"}],"wp:attachment":[{"href":"https:\/\/www.betaklinik.de\/en\/wp-json\/wp\/v2\/media?parent=9268"}],"wp:term":[{"taxonomy":"fachrichtung","embeddable":true,"href":"https:\/\/www.betaklinik.de\/en\/wp-json\/wp\/v2\/fachrichtung?post=9268"}],"curies":[{"name":"wp","href":"https:\/\/api.w.org\/{rel}","templated":true}]}}