{"id":9315,"date":"2025-10-27T14:21:49","date_gmt":"2025-10-27T14:21:49","guid":{"rendered":"https:\/\/www.betaklinik.de\/?page_id=9315"},"modified":"2026-01-07T09:31:38","modified_gmt":"2026-01-07T09:31:38","slug":"angiography","status":"publish","type":"page","link":"https:\/\/www.betaklinik.de\/en\/specialties\/neuroradiology-and-pediatric-neuroradiology\/angiography\/","title":{"rendered":"Angiography"},"content":{"rendered":"\t\t<div data-elementor-type=\"wp-page\" data-elementor-id=\"9315\" class=\"elementor elementor-9315 elementor-4007\" data-elementor-post-type=\"page\">\n\t\t\t\t<div class=\"elementor-element elementor-element-734f998 bk_heroPill e-flex e-con-boxed e-con e-parent\" data-id=\"734f998\" data-element_type=\"container\" data-e-type=\"container\" data-settings=\"{&quot;background_background&quot;:&quot;classic&quot;}\">\n\t\t\t\t\t<div class=\"e-con-inner\">\n\t\t\t\t\t<\/div>\n\t\t\t\t<\/div>\n\t\t<div class=\"elementor-element elementor-element-14504428 e-flex e-con-boxed e-con e-parent\" data-id=\"14504428\" data-element_type=\"container\" data-e-type=\"container\">\n\t\t\t\t\t<div class=\"e-con-inner\">\n\t\t\t\t<div class=\"elementor-element elementor-element-5103fd6 bk_menu_toggle_button_shortcode elementor-widget elementor-widget-shortcode\" data-id=\"5103fd6\" data-element_type=\"widget\" data-e-type=\"widget\" data-widget_type=\"shortcode.default\">\n\t\t\t\t<div class=\"elementor-widget-container\">\n\t\t\t\t\t\t\t<div class=\"elementor-shortcode\">\r\n<div class=\"bk-menu-toggle-wrapper\" data-animation-speed=\"300\">\r\n    <div class=\"bk-menu-toggle-button-wrapper\">\r\n        <button \r\n            class=\"elementor-button elementor-button-link elementor-size-sm bk-menu-toggle-btn\"\r\n                        data-target=\"bk-menu-toggle-6509\"\r\n            aria-expanded=\"false\"\r\n            aria-controls=\"bk-menu-toggle-6509\"\r\n        >\r\n            <span class=\"elementor-button-content-wrapper\">\r\n                <span class=\"elementor-button-text\">Areas of treatment<\/span>\r\n                <span class=\"bk-menu-toggle-icon\">\r\n                    <svg width=\"12\" height=\"8\" viewBox=\"0 0 12 8\" fill=\"none\">\r\n                        <path d=\"M1 1L6 6L11 1\" stroke=\"currentColor\" stroke-width=\"2\" stroke-linecap=\"round\" stroke-linejoin=\"round\"\/>\r\n                    <\/svg>\r\n                <\/span>\r\n            <\/span>\r\n        <\/button>\r\n    <\/div>\r\n    \r\n    <div class=\"bk-menu-toggle-content\" id=\"bk-menu-toggle-6509\" style=\"display:none;\">\r\n        <div class=\"bk-menu-toggle-menu\"><ul class=\"bk-toggle-menu-list\"><li class=\"menu-item menu-item-9439\"><a href=\"https:\/\/www.betaklinik.de\/en\/specialties\/neuroradiology-and-pediatric-neuroradiology\/aneurysma\/\"><img decoding=\"async\" src=\"\/wp-content\/uploads\/2025\/07\/beta_arrow.svg\" alt=\"\" class=\"bk-menu-item-icon\" \/><span>Aneurysm\u00a0<\/span><\/a><\/li><li class=\"menu-item menu-item-9315\"><a href=\"https:\/\/www.betaklinik.de\/en\/specialties\/neuroradiology-and-pediatric-neuroradiology\/angiography\/\"><img decoding=\"async\" src=\"\/wp-content\/uploads\/2025\/07\/beta_arrow.svg\" alt=\"\" class=\"bk-menu-item-icon\" \/><span>Angiography<\/span><\/a><\/li><li class=\"menu-item menu-item-9446\"><a href=\"https:\/\/www.betaklinik.de\/en\/specialties\/neuroradiology-and-pediatric-neuroradiology\/angioma-fistula\/\"><img decoding=\"async\" src=\"\/wp-content\/uploads\/2025\/07\/beta_arrow.svg\" alt=\"\" class=\"bk-menu-item-icon\" \/><span>Angioma \/ fistula<\/span><\/a><\/li><li class=\"menu-item menu-item-9456\"><a href=\"https:\/\/www.betaklinik.de\/en\/specialties\/neuroradiology-and-pediatric-neuroradiology\/carotid-stenosis\/\"><img decoding=\"async\" src=\"\/wp-content\/uploads\/2025\/07\/beta_arrow.svg\" alt=\"\" class=\"bk-menu-item-icon\" \/><span>Carotid stenosis<\/span><\/a><\/li><li class=\"menu-item menu-item-8049\"><a href=\"https:\/\/www.betaklinik.de\/en\/specialties\/neuroradiology-and-pediatric-neuroradiology\/ct\/\"><img decoding=\"async\" src=\"\/wp-content\/uploads\/2025\/07\/beta_arrow.svg\" alt=\"\" class=\"bk-menu-item-icon\" \/><span>CT\u00a0<\/span><\/a><\/li><li class=\"menu-item menu-item-9345\"><a href=\"https:\/\/www.betaklinik.de\/en\/specialties\/neuroradiology-and-pediatric-neuroradiology\/discography\/\"><img decoding=\"async\" src=\"\/wp-content\/uploads\/2025\/07\/beta_arrow.svg\" alt=\"\" class=\"bk-menu-item-icon\" \/><span>Discography<\/span><\/a><\/li><li class=\"menu-item menu-item-11084\"><a href=\"https:\/\/www.betaklinik.de\/en\/specialties\/neuroradiology-and-pediatric-neuroradiology\/endovascular-therapy\/\"><img decoding=\"async\" src=\"\/wp-content\/uploads\/2025\/07\/beta_arrow.svg\" alt=\"\" class=\"bk-menu-item-icon\" \/><span>Endovascular therapy<\/span><\/a><\/li><li class=\"menu-item menu-item-9480\"><a href=\"https:\/\/www.betaklinik.de\/en\/specialties\/neuroradiology-and-pediatric-neuroradiology\/intracranial-stenosis\/\"><img decoding=\"async\" src=\"\/wp-content\/uploads\/2025\/07\/beta_arrow.svg\" alt=\"\" class=\"bk-menu-item-icon\" \/><span>Intracranial stenosis | Beta Klinik Bonn<\/span><\/a><\/li><li class=\"menu-item menu-item-9385\"><a href=\"https:\/\/www.betaklinik.de\/en\/specialties\/neuroradiology-and-pediatric-neuroradiology\/mri\/\"><img decoding=\"async\" src=\"\/wp-content\/uploads\/2025\/07\/beta_arrow.svg\" alt=\"\" class=\"bk-menu-item-icon\" \/><span>MRI<\/span><\/a><\/li><li class=\"menu-item menu-item-9397\"><a href=\"https:\/\/www.betaklinik.de\/en\/specialties\/neuroradiology-and-pediatric-neuroradiology\/myelography\/\"><img decoding=\"async\" src=\"\/wp-content\/uploads\/2025\/07\/beta_arrow.svg\" alt=\"\" class=\"bk-menu-item-icon\" \/><span>Myelography<\/span><\/a><\/li><li class=\"menu-item menu-item-9490\"><a href=\"https:\/\/www.betaklinik.de\/en\/specialties\/neuroradiology-and-pediatric-neuroradiology\/stenosis-renal-artery\/\"><img decoding=\"async\" src=\"\/wp-content\/uploads\/2025\/07\/beta_arrow.svg\" alt=\"\" class=\"bk-menu-item-icon\" \/><span>Stenosis of renal artery<\/span><\/a><\/li><li class=\"menu-item menu-item-9496\"><a href=\"https:\/\/www.betaklinik.de\/en\/specialties\/neuroradiology-and-pediatric-neuroradiology\/stenosis-pelvis-leg\/\"><img decoding=\"async\" src=\"\/wp-content\/uploads\/2025\/07\/beta_arrow.svg\" alt=\"\" class=\"bk-menu-item-icon\" \/><span>Stenosis pelvis-leg<\/span><\/a><\/li><li class=\"menu-item menu-item-11442\"><a href=\"https:\/\/www.betaklinik.de\/en\/specialties\/neuroradiology-and-pediatric-neuroradiology\/stenting\/\"><img decoding=\"async\" src=\"\/wp-content\/uploads\/2025\/07\/beta_arrow.svg\" alt=\"\" class=\"bk-menu-item-icon\" \/><span>Stenting<\/span><\/a><\/li><li class=\"menu-item menu-item-11106\"><a href=\"https:\/\/www.betaklinik.de\/en\/specialties\/neuroradiology-and-pediatric-neuroradiology\/widening-dilatation\/\"><img decoding=\"async\" src=\"\/wp-content\/uploads\/2025\/07\/beta_arrow.svg\" alt=\"\" class=\"bk-menu-item-icon\" \/><span>Widening \/ dilatation<\/span><\/a><\/li><li class=\"menu-item menu-item-9431\"><a href=\"https:\/\/www.betaklinik.de\/en\/specialties\/neuroradiology-and-pediatric-neuroradiology\/x-raying\/\"><img decoding=\"async\" src=\"\/wp-content\/uploads\/2025\/07\/beta_arrow.svg\" alt=\"\" class=\"bk-menu-item-icon\" \/><span>X-raying<\/span><\/a><\/li><\/ul><\/div>\r\n\r\n                    <div class=\"bk-menu-toggle-separator\"><\/div>\r\n            <\/div>\r\n<\/div>\r\n\r\n<script>\r\ndocument.addEventListener('DOMContentLoaded', function() {\r\n    const toggleBtn = document.querySelector('[data-target=\"bk-menu-toggle-6509\"]');\r\n    const content = document.getElementById('bk-menu-toggle-6509');\r\n    const wrapper = toggleBtn.closest('.bk-menu-toggle-wrapper');\r\n    const animationSpeed = parseInt(wrapper.dataset.animationSpeed) || 300;\r\n\r\n    if (toggleBtn && content) {\r\n\r\n        toggleBtn.addEventListener('click', function() {\r\n\r\n            const isExpanded = this.getAttribute('aria-expanded') === 'true';\r\n\r\n            if (isExpanded) {\r\n                content.style.height = content.scrollHeight + 'px';\r\n                setTimeout(() => {\r\n                    content.style.height = '0px';\r\n                }, 10);\r\n                setTimeout(() => {\r\n                    content.style.display = 'none';\r\n                    this.setAttribute('aria-expanded', 'false');\r\n                }, animationSpeed);\r\n\r\n            } else {\r\n                content.style.display = 'block';\r\n                content.style.height = '0px';\r\n                setTimeout(() => {\r\n                    content.style.height = content.scrollHeight + 'px';\r\n                    this.setAttribute('aria-expanded', 'true');\r\n                }, 10);\r\n                setTimeout(() => {\r\n                    content.style.height = 'auto';\r\n                }, animationSpeed);\r\n            }\r\n        });\r\n\r\n        content.querySelectorAll('.menu-item-has-children > a').forEach(parent => {\r\n            parent.addEventListener('click', function(e) {\r\n                e.preventDefault();\r\n                this.parentElement.classList.toggle('open');\r\n            });\r\n        });\r\n    }\r\n});\r\n<\/script>\r\n\r\n<\/div>\n\t\t\t\t\t\t<\/div>\n\t\t\t\t<\/div>\n\t\t\t\t<div class=\"elementor-element elementor-element-55e24213 elementor-widget elementor-widget-s4_site_intro\" data-id=\"55e24213\" data-element_type=\"widget\" data-e-type=\"widget\" data-widget_type=\"s4_site_intro.default\">\n\t\t\t\t<div class=\"elementor-widget-container\">\n\t\t\t\t\t\n\t\t<section class=\"sty_moduleWrapper\"  >\n\n\t\t\t<div class=\"container\">\n\n\t\t\t\n\t\t\t\t<div class=\"align-items-center row sty_content-align-site-intro-center\">\n\t\t\t\t\t<div class=\"col-md-9 sty_siteIntro_text_alignment\">\n\t\t\t\t\t\t<h1 class=\"sty_pb_d sty_txt sty_titleFontColor sty_fontFamilyTitle\" style=\"display:block;\">Angiography<\/h1><div class=\"sty_pb_e sty_txt sty_fontColor sty_fontFamily\"><p>Angiography is a diagnostic procedure, carried out by assistance of an\u00a0<a title=\"MRI\" href=\"https:\/\/www.betaklinik.de\/en\/specialties\/neuroradiology-and-pediatric-neuroradiology\/mri\/\">MRI<\/a>\u00a0system, CT or a digital subtraction angiography device (DSA) for the depiction of vessels. MR\u00a0angiography can take place with or without the application of a contrast agents, whereas\u00a0<a title=\"CT\" href=\"https:\/\/www.betaklinik.de\/en\/specialties\/neuroradiology-and-pediatric-neuroradiology\/ct\/\">CT<\/a>\u00a0or digital subtraction angiography necessitate the application of a contrast agent.<\/p><p>Firstly, an\u00a0<a title=\"X-raying\" href=\"https:\/\/www.betaklinik.de\/en\/specialties\/radiology-pediatric-radiology-and-senology\/\">X-ray<\/a>\u00a0image without a contrast agent is taken. During and after the following contrast agent application, several further images are taken. Because the digitized images without a contrast agent are subtracted from the images showing\u00a0the vascular status with a contrast agent, the procedure is called digital subtraction angiography. This way elements of the images are removed that are not necessary for the evaluation or that would make it difficult to evaluate the images, for example, bones.<\/p><\/div>\n\t\t\t\t\t<\/div>\n\t\t\t\t<\/div>\n\n\t\t\t\t<div class=\"row\"><div class=\"\"><div class=\"sty_image sty_articleImage d-flex justify-content-center\" style=\"position: relative;\"><\/div><\/div><\/div>\n\n\n\n\t\t\t<\/div>\n\t\t<\/section>\n\n\t\t\t\t\t<\/div>\n\t\t\t\t<\/div>\n\t\t\t\t\t<\/div>\n\t\t\t\t<\/div>\n\t\t<div class=\"elementor-element elementor-element-6f275f0 e-flex e-con-boxed e-con e-parent\" data-id=\"6f275f0\" data-element_type=\"container\" data-e-type=\"container\">\n\t\t\t\t\t<div class=\"e-con-inner\">\n\t\t\t\t<div class=\"elementor-element elementor-element-3ae53b2 elementor-widget elementor-widget-spacer\" data-id=\"3ae53b2\" data-element_type=\"widget\" data-e-type=\"widget\" data-widget_type=\"spacer.default\">\n\t\t\t\t<div class=\"elementor-widget-container\">\n\t\t\t\t\t\t\t<div class=\"elementor-spacer\">\n\t\t\t<div class=\"elementor-spacer-inner\"><\/div>\n\t\t<\/div>\n\t\t\t\t\t\t<\/div>\n\t\t\t\t<\/div>\n\t\t\t\t\t<\/div>\n\t\t\t\t<\/div>\n\t\t<div class=\"elementor-element elementor-element-2f9a065 sty_padding_inner_container_top_2 sty_padding_inner_container_bottom_2 sty_margin_bottom_1 e-flex e-con-boxed e-con e-parent\" data-id=\"2f9a065\" data-element_type=\"container\" data-e-type=\"container\" data-settings=\"{&quot;background_background&quot;:&quot;classic&quot;}\">\n\t\t\t\t\t<div class=\"e-con-inner\">\n\t\t<div class=\"elementor-element elementor-element-537abea sty_margin_bottom_1 e-con-full e-flex e-con e-child\" data-id=\"537abea\" data-element_type=\"container\" data-e-type=\"container\">\n\t\t\t\t<div class=\"elementor-element elementor-element-ae412c5 s4_changeOrder elementor-widget elementor-widget-s4_image_text_module\" data-id=\"ae412c5\" data-element_type=\"widget\" data-e-type=\"widget\" data-widget_type=\"s4_image_text_module.default\">\n\t\t\t\t<div class=\"elementor-widget-container\">\n\t\t\t\t\t\n\t\t<section class=\"sty_moduleWrapper \n    \"\n    data-sticky-scroll=\"\">\n\t\t\t<div class=\"container\">\n\t\t\t\t<div class=\" align-items-center  row\">\n\t\t\t\t\t<div class=\"col-lg-6 me-auto sty_image \">\n\t\t\t\t\t\t<div class=\"sty_image sty_articleImage straggy-image-text-module__image d-flex justify-content-center\" style=\"position: relative;\"><img decoding=\"async\" src=\"https:\/\/www.betaklinik.de\/wp-content\/uploads\/2025\/10\/Angiographie-21.jpg\" loading=\"lazy\" class=\"\" alt=\"Bei der digitalen Subtraktionsangiographie wird zun\u00e4chst eine R\u00f6ntgenaufnahme vom Gef\u00e4\u00df ohne Kontrastmittel angefertigt.\"><\/div>\t\t\t\t\t<\/div>\n\t\t\t\t\t<div class=\"col-lg-5  sty_text_content\">\n\t\t\t\t\t\t<h3 class=\"sty_pb_d sty_txt sty_titleFontColor sty_fontFamilyTitle\" style=\"display:block;\">Indication angiography: when is angiography performed?<\/h3><div class=\"sty_pb_e sty_txt sty_fontColor sty_fontFamily\"><p>Angiography takes place if vascular diseases seem to be the cause of complaints. During angiography, veins, arteries, lymph vessels or vascular prostheses can be examined. Examples for the indication of angiography are:<\/p><ul><li>vascular stenosis (e.g.,<a title=\"Carotid stenosis\" href=\"https:\/\/www.betaklinik.de\/en\/specialties\/neuroradiology-and-pediatric-neuroradiology\/carotid-stenosis\/\">\u00a0throat vessels \/ carotid stenosis<\/a>)<\/li><li><a title=\"Aneurysm\" href=\"https:\/\/www.betaklinik.de\/en\/specialties\/neuroradiology-and-pediatric-neuroradiology\/aneurysma\/\">aneurysm<\/a><\/li><li>vascular damage<\/li><li>vascular malformation<\/li><\/ul><\/div>\n\t\t\t\t\t<\/div>\n\t\t\t\t<\/div>\n\t\t\t<\/div>\n\t\t<\/section>\n\n\t\t<style>\n\t\t        .elementor-element-ae412c5 .sty_moduleWrapper {\n\t\t            height: auto !important;\n\t\t        }\n\t\t    <\/style>\n\t\t\n\t\t\t\t\t<\/div>\n\t\t\t\t<\/div>\n\t\t\t\t<\/div>\n\t\t\t\t<div class=\"elementor-element elementor-element-885b4b0 sty_margin_bottom_3 elementor-widget elementor-widget-s4_headline_left_text_right\" data-id=\"885b4b0\" data-element_type=\"widget\" data-e-type=\"widget\" data-widget_type=\"s4_headline_left_text_right.default\">\n\t\t\t\t<div class=\"elementor-widget-container\">\n\t\t\t\t\t\r\n\t\t<section class=\"sty_moduleWrapper\">\r\n\t\t\t<div class=\"container\">\r\n\t\t\t\t<div class=\"row\">\r\n\t\t\t\t\t<div class=\"col-lg-4\">\r\n\t\t\t\t\t\t<h2 class=\"sty_pb_d sty_txt sty_titleFontColor sty_fontFamilyTitle\" style=\"display:block;\">How is digital subtraction angiography carried out?<\/h2>\t\t\t\t\t<\/div>\r\n\t\t\t\t\t<div class=\"col-lg-8\">\r\n\t\t\t\t\t\t<div class=\"sty_pb_e sty_txt sty_fontColor sty_fontFamily\"><div class=\"vc_row wpb_row vc_row-fluid\"><div class=\"wpb_column vc_column_container vc_col-sm-12\"><div class=\"vc_column-inner\"><div class=\"wpb_wrapper\"><div class=\"wpb_text_column wpb_content_element \"><div class=\"wpb_wrapper\"><div class=\"vc_row wpb_row vc_row-fluid\"><div class=\"wpb_column vc_column_container vc_col-sm-12\"><div class=\"vc_column-inner\"><div class=\"wpb_wrapper\"><div class=\"wpb_text_column wpb_content_element \"><div class=\"wpb_wrapper\"><p>Prior to the examination, it is of utmost importance to evaluate if patients undergoing angiography have a blood coagulation disorder\/coagulopathy (blood test), an allergy to contrast agents, an illness making the performance of an angiography difficult or impossible, or if they take drugs manipulating the angiography.<\/p><\/div><\/div><\/div><\/div><\/div><\/div><div class=\"vc_row wpb_row vc_row-fluid\"><div class=\"wpb_column vc_column_container vc_col-sm-12\"><div class=\"vc_column-inner\"><div class=\"wpb_wrapper\"><div class=\"wpb_text_column wpb_content_element \"><div class=\"wpb_wrapper\"><p>The day of the examination, patients must have an empty stomach and are not allowed to smoke for a couple of hours before the examination. After disinfecting the skin and administration of\u00a0<a title=\"Anesthesia\" href=\"https:\/\/www.betaklinik.de\/en\/specialties\/anesthesia\/\">local anesthesia<\/a>, if necessary, the contrast agent is injected directly into a blood vessel or through a catheter guided to the blood vessel to be examined. Given\u00a0a catheter application, also therapeutic procedures are possible, e.g.,\u00a0<a title=\"Widening \/ dilatation\" href=\"https:\/\/www.betaklinik.de\/en\/specialties\/neuroradiology-and-pediatric-neuroradiology\/widening-dilatation\/\">vascular dilatation<\/a>\u00a0by a balloon,\u00a0<a title=\"Stenting\" href=\"https:\/\/www.betaklinik.de\/en\/specialties\/neuroradiology-and-pediatric-neuroradiology\/stenting\/\">stent placement<\/a>\u00a0or glue usage for the repair of damaged vessels.<\/p><p>At the end of the examination\/treatment, the wound is sterilely covered. Depending on the examination or treatment, it can be necessary that patients do not stand up but lay low and stay one day for observation.<\/p><\/div><\/div><\/div><\/div><\/div><\/div><\/div><\/div><\/div><\/div><\/div><\/div><\/div>\t\t\t\t\t<\/div>\r\n\t\t\t\t<\/div>\r\n\t\t\t<\/div>\r\n\t\t<\/section>\r\n\r\n\t\t\t\t\t<\/div>\n\t\t\t\t<\/div>\n\t\t\t\t<div class=\"elementor-element elementor-element-4eb8e55 sty_padding_inner_top_3 sty_padding_inner_bottom_3 elementor-widget elementor-widget-s4_conversion_teaser\" data-id=\"4eb8e55\" data-element_type=\"widget\" data-e-type=\"widget\" data-widget_type=\"s4_conversion_teaser.default\">\n\t\t\t\t<div class=\"elementor-widget-container\">\n\t\t\t\t\t\n\t\t<section class=\"sty_moduleWrapper text-center\">\n\t\t\t<div class=\"container\">\n\t\t\t\t<div class=\"align-items-center row\">\n\t\t\t\t\t<div class=\"col-md-9 ms-auto me-auto\">\n\t\t\t\t\t\t<h2 class=\"sty_pb_d sty_txt sty_titleFontColor sty_fontFamilyTitle\" style=\"display:block;\">Get an appointment with our neurology department now. <\/h2>        <div class=\"sty_pb_e\">\n            <div class='elementor-button-wrapper '>\n                                    <a class='elementor-button elementor-button-link elementor-size-sm   primary-button-bg' href=\"https:\/\/www.betaklinik.de\/en\/contact\/\" id=\"\">\n                        <span class=\"elementor-button-content-wrapper\" style=\"flex-direction: row-reverse; gap: 15px;\">\n                            <span class=\"elementor-button-icon\"><img decoding=\"async\" src=\"https:\/\/www.betaklinik.de\/wp-content\/uploads\/2025\/04\/Beta_Klinik_Arrow_Right.svg\" alt=\"\" style=\"width: 1em; height: 1em; display: inline-block;\" \/><\/span>                            <span class=\"elementor-button-text\">Appointment request<\/span>\n                        <\/span>\n                    <\/a>\n                \n                \n                            <\/div>\n                    <\/div>\n        \t\t\t\t\t<\/div>\n\t\t\t\t<\/div>\n\t\t\t<\/div>\n\t\t<\/section>\n\n\t\t\t\t\t<\/div>\n\t\t\t\t<\/div>\n\t\t\t\t\t<\/div>\n\t\t\t\t<\/div>\n\t\t\t\t<\/div>\n\t\t","protected":false},"excerpt":{"rendered":"<p>Angiography is a diagnostic procedure, carried out by assistance of an MRI system, CT or a digital subtraction angiography device (DSA) for the depiction of vessels. <\/p>\n","protected":false},"author":5,"featured_media":6276,"parent":7359,"menu_order":0,"comment_status":"closed","ping_status":"closed","template":"","meta":{"_acf_changed":false,"footnotes":""},"fachrichtung":[155],"class_list":["post-9315","page","type-page","status-publish","has-post-thumbnail","hentry","fachrichtung-neuroradiology"],"acf":[],"_links":{"self":[{"href":"https:\/\/www.betaklinik.de\/en\/wp-json\/wp\/v2\/pages\/9315","targetHints":{"allow":["GET"]}}],"collection":[{"href":"https:\/\/www.betaklinik.de\/en\/wp-json\/wp\/v2\/pages"}],"about":[{"href":"https:\/\/www.betaklinik.de\/en\/wp-json\/wp\/v2\/types\/page"}],"author":[{"embeddable":true,"href":"https:\/\/www.betaklinik.de\/en\/wp-json\/wp\/v2\/users\/5"}],"replies":[{"embeddable":true,"href":"https:\/\/www.betaklinik.de\/en\/wp-json\/wp\/v2\/comments?post=9315"}],"version-history":[{"count":3,"href":"https:\/\/www.betaklinik.de\/en\/wp-json\/wp\/v2\/pages\/9315\/revisions"}],"predecessor-version":[{"id":14361,"href":"https:\/\/www.betaklinik.de\/en\/wp-json\/wp\/v2\/pages\/9315\/revisions\/14361"}],"up":[{"embeddable":true,"href":"https:\/\/www.betaklinik.de\/en\/wp-json\/wp\/v2\/pages\/7359"}],"wp:featuredmedia":[{"embeddable":true,"href":"https:\/\/www.betaklinik.de\/en\/wp-json\/wp\/v2\/media\/6276"}],"wp:attachment":[{"href":"https:\/\/www.betaklinik.de\/en\/wp-json\/wp\/v2\/media?parent=9315"}],"wp:term":[{"taxonomy":"fachrichtung","embeddable":true,"href":"https:\/\/www.betaklinik.de\/en\/wp-json\/wp\/v2\/fachrichtung?post=9315"}],"curies":[{"name":"wp","href":"https:\/\/api.w.org\/{rel}","templated":true}]}}