{"id":9446,"date":"2025-10-27T15:40:01","date_gmt":"2025-10-27T15:40:01","guid":{"rendered":"https:\/\/www.betaklinik.de\/?page_id=9446"},"modified":"2025-12-16T10:32:04","modified_gmt":"2025-12-16T10:32:04","slug":"angioma-fistula","status":"publish","type":"page","link":"https:\/\/www.betaklinik.de\/en\/specialties\/neuroradiology-and-pediatric-neuroradiology\/angioma-fistula\/","title":{"rendered":"Angioma \/ fistula"},"content":{"rendered":"\t\t<div data-elementor-type=\"wp-page\" data-elementor-id=\"9446\" class=\"elementor elementor-9446 elementor-3654\" data-elementor-post-type=\"page\">\n\t\t\t\t<div class=\"elementor-element elementor-element-6378bedc e-flex e-con-boxed e-con e-parent\" data-id=\"6378bedc\" data-element_type=\"container\" data-e-type=\"container\">\n\t\t\t\t\t<div class=\"e-con-inner\">\n\t\t<div class=\"elementor-element elementor-element-003f6cf bk_heroPill e-con-full e-flex e-con e-child\" data-id=\"003f6cf\" data-element_type=\"container\" data-e-type=\"container\" data-settings=\"{&quot;background_background&quot;:&quot;classic&quot;}\">\n\t\t\t\t<\/div>\n\t\t\t\t<div class=\"elementor-element elementor-element-e4f3a9d bk_menu_toggle_button_shortcode elementor-widget elementor-widget-shortcode\" data-id=\"e4f3a9d\" data-element_type=\"widget\" data-e-type=\"widget\" data-widget_type=\"shortcode.default\">\n\t\t\t\t<div class=\"elementor-widget-container\">\n\t\t\t\t\t\t\t<div class=\"elementor-shortcode\">\r\n<div class=\"bk-menu-toggle-wrapper\" data-animation-speed=\"300\">\r\n    <div class=\"bk-menu-toggle-button-wrapper\">\r\n        <button \r\n            class=\"elementor-button elementor-button-link elementor-size-sm bk-menu-toggle-btn\"\r\n                        data-target=\"bk-menu-toggle-3325\"\r\n            aria-expanded=\"false\"\r\n            aria-controls=\"bk-menu-toggle-3325\"\r\n        >\r\n            <span class=\"elementor-button-content-wrapper\">\r\n                <span class=\"elementor-button-text\">Areas of treatment<\/span>\r\n                <span class=\"bk-menu-toggle-icon\">\r\n                    <svg width=\"12\" height=\"8\" viewBox=\"0 0 12 8\" fill=\"none\">\r\n                        <path d=\"M1 1L6 6L11 1\" stroke=\"currentColor\" stroke-width=\"2\" stroke-linecap=\"round\" stroke-linejoin=\"round\"\/>\r\n                    <\/svg>\r\n                <\/span>\r\n            <\/span>\r\n        <\/button>\r\n    <\/div>\r\n    \r\n    <div class=\"bk-menu-toggle-content\" id=\"bk-menu-toggle-3325\" style=\"display:none;\">\r\n        <div class=\"bk-menu-toggle-menu\"><ul class=\"bk-toggle-menu-list\"><li class=\"menu-item menu-item-9439\"><a href=\"https:\/\/www.betaklinik.de\/en\/specialties\/neuroradiology-and-pediatric-neuroradiology\/aneurysma\/\"><img decoding=\"async\" src=\"\/wp-content\/uploads\/2025\/07\/beta_arrow.svg\" alt=\"\" class=\"bk-menu-item-icon\" \/><span>Aneurysm\u00a0<\/span><\/a><\/li><li class=\"menu-item menu-item-9315\"><a href=\"https:\/\/www.betaklinik.de\/en\/specialties\/neuroradiology-and-pediatric-neuroradiology\/angiography\/\"><img decoding=\"async\" src=\"\/wp-content\/uploads\/2025\/07\/beta_arrow.svg\" alt=\"\" class=\"bk-menu-item-icon\" \/><span>Angiography<\/span><\/a><\/li><li class=\"menu-item menu-item-9446\"><a href=\"https:\/\/www.betaklinik.de\/en\/specialties\/neuroradiology-and-pediatric-neuroradiology\/angioma-fistula\/\"><img decoding=\"async\" src=\"\/wp-content\/uploads\/2025\/07\/beta_arrow.svg\" alt=\"\" class=\"bk-menu-item-icon\" \/><span>Angioma \/ fistula<\/span><\/a><\/li><li class=\"menu-item menu-item-9456\"><a href=\"https:\/\/www.betaklinik.de\/en\/specialties\/neuroradiology-and-pediatric-neuroradiology\/carotid-stenosis\/\"><img decoding=\"async\" src=\"\/wp-content\/uploads\/2025\/07\/beta_arrow.svg\" alt=\"\" class=\"bk-menu-item-icon\" \/><span>Carotid stenosis<\/span><\/a><\/li><li class=\"menu-item menu-item-8049\"><a href=\"https:\/\/www.betaklinik.de\/en\/specialties\/neuroradiology-and-pediatric-neuroradiology\/ct\/\"><img decoding=\"async\" src=\"\/wp-content\/uploads\/2025\/07\/beta_arrow.svg\" alt=\"\" class=\"bk-menu-item-icon\" \/><span>CT\u00a0<\/span><\/a><\/li><li class=\"menu-item menu-item-9345\"><a href=\"https:\/\/www.betaklinik.de\/en\/specialties\/neuroradiology-and-pediatric-neuroradiology\/discography\/\"><img decoding=\"async\" src=\"\/wp-content\/uploads\/2025\/07\/beta_arrow.svg\" alt=\"\" class=\"bk-menu-item-icon\" \/><span>Discography<\/span><\/a><\/li><li class=\"menu-item menu-item-11084\"><a href=\"https:\/\/www.betaklinik.de\/en\/specialties\/neuroradiology-and-pediatric-neuroradiology\/endovascular-therapy\/\"><img decoding=\"async\" src=\"\/wp-content\/uploads\/2025\/07\/beta_arrow.svg\" alt=\"\" class=\"bk-menu-item-icon\" \/><span>Endovascular therapy<\/span><\/a><\/li><li class=\"menu-item menu-item-9480\"><a href=\"https:\/\/www.betaklinik.de\/en\/specialties\/neuroradiology-and-pediatric-neuroradiology\/intracranial-stenosis\/\"><img decoding=\"async\" src=\"\/wp-content\/uploads\/2025\/07\/beta_arrow.svg\" alt=\"\" class=\"bk-menu-item-icon\" \/><span>Intracranial stenosis | Beta Klinik Bonn<\/span><\/a><\/li><li class=\"menu-item menu-item-9385\"><a href=\"https:\/\/www.betaklinik.de\/en\/specialties\/neuroradiology-and-pediatric-neuroradiology\/mri\/\"><img decoding=\"async\" src=\"\/wp-content\/uploads\/2025\/07\/beta_arrow.svg\" alt=\"\" class=\"bk-menu-item-icon\" \/><span>MRI<\/span><\/a><\/li><li class=\"menu-item menu-item-9397\"><a href=\"https:\/\/www.betaklinik.de\/en\/specialties\/neuroradiology-and-pediatric-neuroradiology\/myelography\/\"><img decoding=\"async\" src=\"\/wp-content\/uploads\/2025\/07\/beta_arrow.svg\" alt=\"\" class=\"bk-menu-item-icon\" \/><span>Myelography<\/span><\/a><\/li><li class=\"menu-item menu-item-9490\"><a href=\"https:\/\/www.betaklinik.de\/en\/specialties\/neuroradiology-and-pediatric-neuroradiology\/stenosis-renal-artery\/\"><img decoding=\"async\" src=\"\/wp-content\/uploads\/2025\/07\/beta_arrow.svg\" alt=\"\" class=\"bk-menu-item-icon\" \/><span>Stenosis of renal artery<\/span><\/a><\/li><li class=\"menu-item menu-item-9496\"><a href=\"https:\/\/www.betaklinik.de\/en\/specialties\/neuroradiology-and-pediatric-neuroradiology\/stenosis-pelvis-leg\/\"><img decoding=\"async\" src=\"\/wp-content\/uploads\/2025\/07\/beta_arrow.svg\" alt=\"\" class=\"bk-menu-item-icon\" \/><span>Stenosis pelvis-leg<\/span><\/a><\/li><li class=\"menu-item menu-item-11442\"><a href=\"https:\/\/www.betaklinik.de\/en\/specialties\/neuroradiology-and-pediatric-neuroradiology\/stenting\/\"><img decoding=\"async\" src=\"\/wp-content\/uploads\/2025\/07\/beta_arrow.svg\" alt=\"\" class=\"bk-menu-item-icon\" \/><span>Stenting<\/span><\/a><\/li><li class=\"menu-item menu-item-11106\"><a href=\"https:\/\/www.betaklinik.de\/en\/specialties\/neuroradiology-and-pediatric-neuroradiology\/widening-dilatation\/\"><img decoding=\"async\" src=\"\/wp-content\/uploads\/2025\/07\/beta_arrow.svg\" alt=\"\" class=\"bk-menu-item-icon\" \/><span>Widening \/ dilatation<\/span><\/a><\/li><li class=\"menu-item menu-item-9431\"><a href=\"https:\/\/www.betaklinik.de\/en\/specialties\/neuroradiology-and-pediatric-neuroradiology\/x-raying\/\"><img decoding=\"async\" src=\"\/wp-content\/uploads\/2025\/07\/beta_arrow.svg\" alt=\"\" class=\"bk-menu-item-icon\" \/><span>X-raying<\/span><\/a><\/li><\/ul><\/div>\r\n\r\n                    <div class=\"bk-menu-toggle-separator\"><\/div>\r\n            <\/div>\r\n<\/div>\r\n\r\n<script>\r\ndocument.addEventListener('DOMContentLoaded', function() {\r\n    const toggleBtn = document.querySelector('[data-target=\"bk-menu-toggle-3325\"]');\r\n    const content = document.getElementById('bk-menu-toggle-3325');\r\n    const wrapper = toggleBtn.closest('.bk-menu-toggle-wrapper');\r\n    const animationSpeed = parseInt(wrapper.dataset.animationSpeed) || 300;\r\n\r\n    if (toggleBtn && content) {\r\n\r\n        toggleBtn.addEventListener('click', function() {\r\n\r\n            const isExpanded = this.getAttribute('aria-expanded') === 'true';\r\n\r\n            if (isExpanded) {\r\n                content.style.height = content.scrollHeight + 'px';\r\n                setTimeout(() => {\r\n                    content.style.height = '0px';\r\n                }, 10);\r\n                setTimeout(() => {\r\n                    content.style.display = 'none';\r\n                    this.setAttribute('aria-expanded', 'false');\r\n                }, animationSpeed);\r\n\r\n            } else {\r\n                content.style.display = 'block';\r\n                content.style.height = '0px';\r\n                setTimeout(() => {\r\n                    content.style.height = content.scrollHeight + 'px';\r\n                    this.setAttribute('aria-expanded', 'true');\r\n                }, 10);\r\n                setTimeout(() => {\r\n                    content.style.height = 'auto';\r\n                }, animationSpeed);\r\n            }\r\n        });\r\n\r\n        content.querySelectorAll('.menu-item-has-children > a').forEach(parent => {\r\n            parent.addEventListener('click', function(e) {\r\n                e.preventDefault();\r\n                this.parentElement.classList.toggle('open');\r\n            });\r\n        });\r\n    }\r\n});\r\n<\/script>\r\n\r\n<\/div>\n\t\t\t\t\t\t<\/div>\n\t\t\t\t<\/div>\n\t\t\t\t<div class=\"elementor-element elementor-element-7aa7035a elementor-widget elementor-widget-text-editor\" data-id=\"7aa7035a\" data-element_type=\"widget\" data-e-type=\"widget\" data-widget_type=\"text-editor.default\">\n\t\t\t\t<div class=\"elementor-widget-container\">\n\t\t\t\t\t\t\t\t\t<h1 class=\"wp-block-heading\">Angiom \/ Fistel<\/h1><p>Ein AV-Angiom oder eine AV-Fistel (h\u00e4ufig auch AV-Malformation, AV = arterioven\u00f6s, oder Dura-Fistel) sind Gef\u00e4\u00dfmissbildungen. Bei diesen Gef\u00e4\u00dfmissbildungen sind Arterien und Venen miteinander verbunden, wodurch das Blut aus den Arterien direkt in die Venen flie\u00dft. Dabei spricht man von einem AV-Angiom, wenn das Gef\u00e4\u00df entweder entwicklungsbedingt oder durch Tumoren missgebildet ist. Eine AV-Fistel bezeichnet eine abnormale, direkte Verbindung zwischen arteriellen und ven\u00f6sen Gef\u00e4\u00dfen. Die Symptome eines AV-Angioms oder einer AV-Fistel, die an Kopf, Wirbels\u00e4ule und anderen K\u00f6rperpartien auftreten k\u00f6nne, sind vielf\u00e4ltig.<\/p><h2 class=\"wp-block-heading\">Symptome AV-Angiom \/ AV-Fistel<\/h2><p>Beim AV-Angiom oder der AV-Fistel k\u00f6nnen ganz unterschiedlich Symptome auftreten. Diese Gef\u00e4\u00dfmissbildungen k\u00f6nnen vergleichsweise harmlose Symptome wie\u00a0<a href=\"https:\/\/www.betaklinik.de\/fachrichtungen\/beta-neurologie\/kopfschmerzen\/\">Kopfschmerzen<\/a>,\u00a0<a href=\"https:\/\/www.betaklinik.de\/fachrichtungen\/neurochirurgie\/tinnitus\/\">Schwindel<\/a>\u00a0oder\u00a0<a href=\"https:\/\/www.betaklinik.de\/fachrichtungen\/neurochirurgie\/tinnitus\/\">Tinnitus<\/a>\u00a0(Ohrger\u00e4usch) verursachen. Allerdings k\u00f6nnen sie auch Ausl\u00f6ser von epileptischen Anf\u00e4llen (Krampfanf\u00e4lle), Hirnblutungen oder neurologischen Ausf\u00e4llen wie L\u00e4hmungen, Sprachst\u00f6rungen, Gef\u00fchlsst\u00f6rungen (Missempfindung, Taubheit) und Sehst\u00f6rungen sein.<\/p><p><strong>Die Symptome von AV-Angiom und AV-Fistel im \u00dcberblick:<\/strong><\/p><ul class=\"wp-block-list\"><li>Kopfschmerzen,\u00a0Schwindel,\u00a0Tinnitus<\/li><li><a href=\"https:\/\/www.betaklinik.de\/fachzentren\/epilepsiezentrum\/\">epileptische Anf\u00e4lle<\/a><\/li><li>Hirnblutungen<\/li><li>L\u00e4hmungen, Sprachst\u00f6rungen, Gef\u00fchlsst\u00f6rungen, Sehst\u00f6rungen<\/li><\/ul><h2 class=\"wp-block-heading\">Ursache AV-Angiom \/ AV-Fistel<\/h2><p>Die genaue Ursache von AV-Angiom und AV-Fistel ist nicht gekl\u00e4rt. Man differenziert jedoch zwischen angeborenen oder im Laufe des Lebens entstandenen Kurzschlussverbindungen zwischen Arterien und Venen. Vermutet werden zum einen genetische Ursachen, da sich famili\u00e4re H\u00e4ufungen zeigen und zum anderen Fehler bei\/w\u00e4hrend der Gef\u00e4\u00dfbildung bzw. Gef\u00e4\u00dfneubildung.<\/p><h2 class=\"wp-block-heading\">Diagnostik AV-Angiom \/ AV-Fistel<\/h2><p>Die Diagnose AV-Angiom bzw. AV-Fistel wird erst gestellt nach einer umfassenden neurologischen Untersuchung unter Zuhilfenahme bildgebender Verfahren wie\u00a0<a href=\"https:\/\/www.betaklinik.de\/fachrichtungen\/neuroradiologie-und-kinderneuroradiologie\/mrt-magnetresonanztomographie\/\">MRT<\/a>\u00a0oder der\u00a0<a href=\"https:\/\/www.betaklinik.de\/fachrichtungen\/neuroradiologie-und-kinderneuroradiologie\/angiographie\/\">Angiographie<\/a>. In der\u00a0MRT\u00a0lassen sich Gef\u00e4\u00dfe gut beurteilen. In manchen F\u00e4llen ist jedoch eine\u00a0Angiographie\u00a0notwendig.<\/p><p>Alle Untersuchungen k\u00f6nnen in der Beta Klinik durchgef\u00fchrt werden.<\/p><h2 class=\"wp-block-heading\">Therapie AV-Angiom \/ AV-Fistel<\/h2><p>Die Therapie eines AV-Angioms bzw. einer AV-Fistel findet meistens in einer\u00a0<a href=\"https:\/\/www.betaklinik.de\/fachrichtungen\/neuroradiologie-und-kinderneuroradiologie\/endovaskulaere-therapie\/\">minimalinvasiven Operation endovaskul\u00e4r<\/a>, also innerhalb der Gef\u00e4\u00dfe statt. \u00dcber die Leistenarterie wird ein Katheter eingef\u00fchrt, durch den die krankhaft ver\u00e4nderten Gef\u00e4\u00dfe verklebt (Embolisation) und somit verschlossen werden k\u00f6nnen.<\/p><p>In manchen F\u00e4llen kann es auch n\u00f6tig sein, dass AV-Angiom und AV-Fistel\u00a0<a href=\"https:\/\/www.betaklinik.de\/fachrichtungen\/neurochirurgie\/mikrochirurgische-op\/\">mikrochirurgisch<\/a>\u00a0behandelt wird, wobei AV-Angiom bzw. AV-Fistel entfernt und die erkrankten Gef\u00e4\u00dfe verschlossen werden. Da es wichtig ist diese Gef\u00e4\u00dfmissbildungen komplett auszuschalten, um das Risiko einer Blutung zu minimieren, kann auch eine Kombination der Verfahren notwendig werden.<\/p><p>Nur bei inoperablen AV-Fisteln oder AV-Angiomen kann eine Strahlentherapie Sinn machen, bei denen die erkrankten Gef\u00e4\u00dfanteile im Zentrum der Gef\u00e4\u00dfmissbildung geb\u00fcndelt bestrahlt werden.<\/p><p>Lesen Sie hier mehr zur minimalinvasiven,\u00a0endovaskul\u00e4ren Therapie\u00a0des AV-Angioms und der AV-Fistel<\/p>\t\t\t\t\t\t\t\t<\/div>\n\t\t\t\t<\/div>\n\t\t\t\t\t<\/div>\n\t\t\t\t<\/div>\n\t\t\t\t<\/div>\n\t\t","protected":false},"excerpt":{"rendered":"<p>An arteriovenous angioma (AV angioma) and an arteriovenous fistula (AV fistula, often also arteriovenous malformation or AV malformation or dural fistula) are vascular malformations. Arteries and veins are connected in this case and enable the blood from the arteries to mingle with the blood from the veins. <\/p>\n","protected":false},"author":5,"featured_media":3675,"parent":7359,"menu_order":0,"comment_status":"closed","ping_status":"closed","template":"","meta":{"_acf_changed":false,"footnotes":""},"fachrichtung":[155],"class_list":["post-9446","page","type-page","status-publish","has-post-thumbnail","hentry","fachrichtung-neuroradiology"],"acf":[],"_links":{"self":[{"href":"https:\/\/www.betaklinik.de\/en\/wp-json\/wp\/v2\/pages\/9446","targetHints":{"allow":["GET"]}}],"collection":[{"href":"https:\/\/www.betaklinik.de\/en\/wp-json\/wp\/v2\/pages"}],"about":[{"href":"https:\/\/www.betaklinik.de\/en\/wp-json\/wp\/v2\/types\/page"}],"author":[{"embeddable":true,"href":"https:\/\/www.betaklinik.de\/en\/wp-json\/wp\/v2\/users\/5"}],"replies":[{"embeddable":true,"href":"https:\/\/www.betaklinik.de\/en\/wp-json\/wp\/v2\/comments?post=9446"}],"version-history":[{"count":11,"href":"https:\/\/www.betaklinik.de\/en\/wp-json\/wp\/v2\/pages\/9446\/revisions"}],"predecessor-version":[{"id":13255,"href":"https:\/\/www.betaklinik.de\/en\/wp-json\/wp\/v2\/pages\/9446\/revisions\/13255"}],"up":[{"embeddable":true,"href":"https:\/\/www.betaklinik.de\/en\/wp-json\/wp\/v2\/pages\/7359"}],"wp:featuredmedia":[{"embeddable":true,"href":"https:\/\/www.betaklinik.de\/en\/wp-json\/wp\/v2\/media\/3675"}],"wp:attachment":[{"href":"https:\/\/www.betaklinik.de\/en\/wp-json\/wp\/v2\/media?parent=9446"}],"wp:term":[{"taxonomy":"fachrichtung","embeddable":true,"href":"https:\/\/www.betaklinik.de\/en\/wp-json\/wp\/v2\/fachrichtung?post=9446"}],"curies":[{"name":"wp","href":"https:\/\/api.w.org\/{rel}","templated":true}]}}